{"id":17814,"date":"2021-05-06T15:59:07","date_gmt":"2021-05-06T13:59:07","guid":{"rendered":"https:\/\/lichtfeld.ch\/wordpress\/?page_id=17814"},"modified":"2021-09-14T13:48:15","modified_gmt":"2021-09-14T11:48:15","slug":"annetta-grisard-exhibition","status":"publish","type":"page","link":"https:\/\/lichtfeld.ch\/wordpress\/annetta-grisard-exhibition\/","title":{"rendered":"Annetta Grisard Exhibition"},"content":{"rendered":"<div class=\"wpb-content-wrapper\">[vc_row dfd_row_config=&#187;default_row_no_paddings&#187;][vc_column]<div class=\"ult-spacer spacer-69e4f40183f74\" data-id=\"69e4f40183f74\" data-height=\"60\" data-height-mobile=\"0\" data-height-tab=\"30\" data-height-tab-portrait=\"\" data-height-mobile-landscape=\"\" style=\"clear:both;display:block;\"><\/div>[\/vc_column][\/vc_row][vc_row css=&#187;.vc_custom_1584104914465{padding-right: 15px !important;padding-left: 15px !important;}&#187;][vc_column width=&#187;1\/3&#8243; column_prebuilt_classes=&#187;dfd-mobile-remove-all-paddings&#187; css=&#187;.vc_custom_1453813001966{padding: 10px !important;}&#187;][vc_column_text]<strong>Anetta Grisard<\/strong><\/p>\n<p><b>Die Sch\u00e4rfe der Unsch\u00e4rfe<\/b><\/p>\n<p><b>Soloausstellung<\/b><\/p>\n<p><strong>Vernissage:\u00a0<\/strong><br \/>\nDonnerstag 6. Mai 2021 18 Uhr<\/p>\n<p><strong>Finissage:\u00a0<\/strong><br \/>\nSamstag 4. September 2021 17 Uhr[\/vc_column_text]<div class=\"ult-spacer spacer-69e4f40183f8b\" data-id=\"69e4f40183f8b\" data-height=\"20\" data-height-mobile=\"20\" data-height-tab=\"20\" data-height-tab-portrait=\"\" data-height-mobile-landscape=\"\" style=\"clear:both;display:block;\"><\/div>[vc_column_text]Um Reservierung wird gebeten unter <a href=\"mailto:info@lichtfeld.ch\">info@lichtfeld.ch<\/a>. <span class=\"Apple-converted-space\">\u00a0<\/span>[\/vc_column_text]<div class=\"dfd-spacer-module\"  data-units=\"px\" data-wide_resolution=\"1280\" data-wide_size=\"40\" data-normal_resolution=\"1024\" data-normal_size=\"20\" data-tablet_resolution=\"800\" data-tablet_size=\"10\" data-mobile_resolution=\"480\" data-mobile_size=\"5\" style=\"height: 40px;\"><\/div>[vc_column_text]<strong><a href=\"https:\/\/lichtfeld.ch\/wordpress\/vr_grisard\/\">Viewing Room<\/a><\/strong>[\/vc_column_text][\/vc_column][vc_column column_bg_check=&#187;column-background-dark&#187; width=&#187;2\/3&#8243; column_prebuilt_classes=&#187;dfd-mobile-remove-all-paddings&#187;]<div class=\"ult-spacer spacer-69e4f40183fd5\" data-id=\"69e4f40183fd5\" data-height=\"20\" data-height-mobile=\"20\" data-height-tab=\"20\" data-height-tab-portrait=\"\" data-height-mobile-landscape=\"\" style=\"clear:both;display:block;\"><\/div>[vc_single_image image=&#187;17872&#8243; img_size=&#187;full&#187; alignment=&#187;center&#187; img_link_target=&#187;_blank&#187; onclick=&#187;custom_link&#187; css=&#187;.vc_custom_1629716141273{border-top-width: 1px !important;border-right-width: 1px !important;border-bottom-width: 1px !important;border-left-width: 1px !important;border-left-color: #7a7a7a !important;border-right-color: #7a7a7a !important;border-top-color: #7a7a7a !important;border-bottom-color: #7a7a7a !important;border-radius: 1px !important;}&#187; el_class=&#187;img2&#8243; link=&#187;https:\/\/lichtfeld.ch\/wordpress\/wp-content\/uploads\/2021\/04\/Karte_Annetta_Grisard_A5_WEB.pdf&#187;]<div class=\"ult-spacer spacer-69e4f40183fde\" data-id=\"69e4f40183fde\" data-height=\"20\" data-height-mobile=\"20\" data-height-tab=\"20\" data-height-tab-portrait=\"\" data-height-mobile-landscape=\"\" style=\"clear:both;display:block;\"><\/div><div class=\"ult-spacer spacer-69e4f40183fe6\" data-id=\"69e4f40183fe6\" data-height=\"20\" data-height-mobile=\"20\" data-height-tab=\"20\" data-height-tab-portrait=\"\" data-height-mobile-landscape=\"\" style=\"clear:both;display:block;\"><\/div>[vc_column_text]<span style=\"color: #000000;\">Werkschau mit Arbeiten aus den Jahren 2012 bis 2020<span class=\"Apple-converted-space\"><br \/>\n<\/span>Begr\u00fcssung: Fredy Hadorn + Charles Kachelhofer<\/span><br \/>\n<span style=\"color: #000000;\">Einf\u00fchrung: John Schmid<\/span><br \/>\n<span style=\"color: #000000;\">Ausstellung bis Samstag, 4. September 2021<\/span><\/p>\n<p><span style=\"color: #000000;\">Liebe Freund*innen der Galerie, sehr geehrte Damen und Herren<\/span><\/p>\n<p><span style=\"color: #000000;\">Sch\u00e4rfen Sie Ihren Blick f\u00fcr das Unscharfe! Wir laden wir Sie herzlich zur neuen Ausstellung von Annetta Grisard ein.<span class=\"Apple-converted-space\">\u00a0<\/span><\/span><\/p>\n<p><span style=\"color: #000000;\">Auf eine grosse Vernissage werden wir verzichten. Gleichwohl: Am 6. Mai begr\u00fcsst Sie die K\u00fcnstlerin pers\u00f6nlich. Zudem f\u00fchrt John Schmid in die<\/span><br \/>\n<span style=\"color: #000000;\">Ausstellung ein und, wenn es die COVID-Bestimmungen erlauben, steht auch ein kleiner Ap\u00e9ro bereit.<span class=\"Apple-converted-space\">\u00a0<\/span><\/span><\/p>\n<p><span style=\"color: #000000;\">Auf Besuche im kleineren Rahmen freuen wir uns sehr. Die K\u00fcnstlerin ist jeden Dienstag von 15h bis 18h anwesend. Um Reservierung wird gebeten unter <a style=\"color: #000000;\" href=\"mailto:info@lichtfeld.ch\">info@lichtfeld.ch<\/a>. <span class=\"Apple-converted-space\">\u00a0<\/span><\/span>[\/vc_column_text]<div class=\"ult-spacer spacer-69e4f40183fed\" data-id=\"69e4f40183fed\" data-height=\"120\" data-height-mobile=\"20\" data-height-tab=\"20\" data-height-tab-portrait=\"\" data-height-mobile-landscape=\"\" style=\"clear:both;display:block;\"><\/div>[\/vc_column][\/vc_row]\n<\/div>","protected":false},"excerpt":{"rendered":"<p>[vc_row dfd_row_config=&#187;default_row_no_paddings&#187;][vc_column][\/vc_column][\/vc_row][vc_row css=&#187;.vc_custom_1584104914465{padding-right: 15px !important;padding-left: 15px !important;}&#187;][vc_column width=&#187;1\/3&#8243; column_prebuilt_classes=&#187;dfd-mobile-remove-all-paddings&#187; css=&#187;.vc_custom_1453813001966{padding: 10px !important;}&#187;][vc_column_text]Anetta Grisard Die Sch\u00e4rfe der Unsch\u00e4rfe Soloausstellung Vernissage:\u00a0 Donnerstag 6. Mai 2021 18 Uhr Finissage:\u00a0 Samstag 4. September 2021<\/p>\n","protected":false},"author":1,"featured_media":17876,"parent":0,"menu_order":10,"comment_status":"closed","ping_status":"closed","template":"","meta":{"_acf_changed":false,"footnotes":""},"tags":[76],"folder":[],"acf":[],"_links":{"self":[{"href":"https:\/\/lichtfeld.ch\/wordpress\/wp-json\/wp\/v2\/pages\/17814"}],"collection":[{"href":"https:\/\/lichtfeld.ch\/wordpress\/wp-json\/wp\/v2\/pages"}],"about":[{"href":"https:\/\/lichtfeld.ch\/wordpress\/wp-json\/wp\/v2\/types\/page"}],"author":[{"embeddable":true,"href":"https:\/\/lichtfeld.ch\/wordpress\/wp-json\/wp\/v2\/users\/1"}],"replies":[{"embeddable":true,"href":"https:\/\/lichtfeld.ch\/wordpress\/wp-json\/wp\/v2\/comments?post=17814"}],"version-history":[{"count":0,"href":"https:\/\/lichtfeld.ch\/wordpress\/wp-json\/wp\/v2\/pages\/17814\/revisions"}],"wp:featuredmedia":[{"embeddable":true,"href":"https:\/\/lichtfeld.ch\/wordpress\/wp-json\/wp\/v2\/media\/17876"}],"wp:attachment":[{"href":"https:\/\/lichtfeld.ch\/wordpress\/wp-json\/wp\/v2\/media?parent=17814"}],"wp:term":[{"taxonomy":"post_tag","embeddable":true,"href":"https:\/\/lichtfeld.ch\/wordpress\/wp-json\/wp\/v2\/tags?post=17814"},{"taxonomy":"folder","embeddable":true,"href":"https:\/\/lichtfeld.ch\/wordpress\/wp-json\/wp\/v2\/folder?post=17814"}],"curies":[{"name":"wp","href":"https:\/\/api.w.org\/{rel}","templated":true}]}}