{"id":17703,"date":"2021-05-04T14:58:32","date_gmt":"2021-05-04T12:58:32","guid":{"rendered":"https:\/\/lichtfeld.ch\/wordpress\/?page_id=17703"},"modified":"2021-05-04T15:00:01","modified_gmt":"2021-05-04T13:00:01","slug":"vr_grisard_14","status":"publish","type":"page","link":"https:\/\/lichtfeld.ch\/wordpress\/vr_grisard\/vr_grisard_14\/","title":{"rendered":"VR_Grisard_14"},"content":{"rendered":"<div class=\"wpb-content-wrapper\">[vc_row][vc_column]<div class=\"ult-spacer spacer-69e523ce7afcf\" data-id=\"69e523ce7afcf\" data-height=\"60\" data-height-mobile=\"30\" data-height-tab=\"30\" data-height-tab-portrait=\"\" data-height-mobile-landscape=\"\" style=\"clear:both;display:block;\"><\/div>[vc_raw_js]JTNDc2NyaXB0JTIwbGFuZ3VhZ2UlM0QlMjJqYXZhc2NyaXB0JTIyJTIwdHlwZSUzRCUyMnRleHQlMkZqYXZhc2NyaXB0JTIyJTNFJTBBZnVuY3Rpb24lMjB3aW5kb3dDbG9zZSUyOCUyOSUyMCU3QiUwQXdpbmRvdy5vcGVuJTI4JTI3JTI3JTJDJTI3X3BhcmVudCUyNyUyQyUyNyUyNyUyOSUzQiUwQXdpbmRvdy5jbG9zZSUyOCUyOSUzQiUwQSU3RCUwQSUzQyUyRnNjcmlwdCUzRQ==[\/vc_raw_js][vc_raw_html]JTNDaW5wdXQlMjB0eXBlJTNEJTIyYnV0dG9uJTIyJTIwdmFsdWUlM0QlMjIlQzMlOTclMjIlMjBvbmNsaWNrJTNEJTIyd2luZG93Q2xvc2UlMjglMjklM0IlMjIlM0UlMEElMEElM0NzdHlsZSUzRSUyMCUwQWlucHV0JTVCdHlwZSUzRGJ1dHRvbiU1RCUyQyUyMGlucHV0JTVCdHlwZSUzRHN1Ym1pdCU1RCUyQyUyMGlucHV0JTVCdHlwZSUzRHJlc2V0JTVEJTIwJTdCJTBBJTIwJTIwYmFja2dyb3VuZC1jb2xvciUzQSUyMCUyM2QwNWI5ZCUzQiUwQSUyMCUyMGJvcmRlciUzQSUyMG5vbmUlM0IlMEElMjAtd2Via2l0LWFwcGVhcmFuY2UlM0ElMjBub25lJTNCJTIwJTBBJTIwJTIwY29sb3IlM0ElMjNmZmZmZmYlM0IlMEElMjAlMjBmb250LXNpemUlM0ExNHB4JTNCJTBBZm9udC1mYW1pbHklM0ElMjAlMjJGRkh5ZHJhV2ViUHJvRXh0ZW5kZWRCb2xkJTIyJTNCJTBBJTIwJTIwcGFkZGluZyUzQSUyMDE0cHglMjAxN3B4JTNCJTBBJTIwJTIwdGV4dC1kZWNvcmF0aW9uJTNBJTIwbm9uZSUzQiUwQSUyMCUyMG1hcmdpbiUzQSUyMDBweCUyMDVweCUzQiUwQS13ZWJraXQtYm9yZGVyLXJhZGl1cyUzQTBweCUzQiUwQS1tb3otYm9yZGVyLXJhZGl1cyUzQTBweCUzQiUwQWJvcmRlci1yYWRpdXMlM0EwcHglM0IlMEElMjAlMjBwb3NpdGlvbiUzQSUyMGFic29sdXRlJTNCJTBBJTIwJTIwcmlnaHQlM0ElMjAxMHB4JTNCJTBBJTBBJTIwJTIwY3Vyc29yJTNBJTIwZ3JhYmJpbmclM0IlMEElMEElMEElN0QlMEElM0MlMkZzdHlsZSUzRQ==[\/vc_raw_html]<div class=\"ult-spacer spacer-69e523ce7afee\" data-id=\"69e523ce7afee\" data-height=\"130\" data-height-mobile=\"90\" data-height-tab=\"60\" data-height-tab-portrait=\"\" data-height-mobile-landscape=\"\" style=\"clear:both;display:block;\"><\/div>[\/vc_column][\/vc_row][vc_row][vc_column width=&#187;1\/2&#8243;][vc_column_text]\n<h4><b>Annetta Grisard<\/b><\/h4>\n[\/vc_column_text]<div class=\"ult-spacer spacer-69e523ce7affa\" data-id=\"69e523ce7affa\" data-height=\"20\" data-height-mobile=\"5\" data-height-tab=\"10\" data-height-tab-portrait=\"\" data-height-mobile-landscape=\"\" style=\"clear:both;display:block;\"><\/div>[vc_column_text]<strong>14 \u2013 Hoffnung <\/strong><br \/>\nAcryl auf Leinwand<br \/>\nB 190 \u00d7 H 190\u2009cm<br \/>\n2018<\/p>\n<p>CHF 10\u2019000.\u2013[\/vc_column_text][vc_column_text]exkl. 7.7% tax and shipping[\/vc_column_text]<div class=\"ult-spacer spacer-69e523ce7b001\" data-id=\"69e523ce7b001\" data-height=\"100\" data-height-mobile=\"10\" data-height-tab=\"20\" data-height-tab-portrait=\"\" data-height-mobile-landscape=\"\" style=\"clear:both;display:block;\"><\/div>[vc_tta_accordion style=&#187;flat&#187; shape=&#187;square&#187; color=&#187;white&#187; autoplay=&#187;1&#8243; active_section=&#187;1&#8243; el_class=&#187;plustext&#187;][vc_tta_section title=&#187;Inquiry \/ Buy&#187; tab_id=&#187;1586878834691-e1e6b715-7ee4&#8243; el_class=&#187;textshowmore&#187;]<div class=\"wpforms-container wpforms-container-full\" id=\"wpforms-17577\"><form id=\"wpforms-form-17577\" class=\"wpforms-validate wpforms-form\" data-formid=\"17577\" method=\"post\" enctype=\"multipart\/form-data\" action=\"\/wordpress\/wp-json\/wp\/v2\/pages\/17703\" data-token=\"dec506c39685a6325e351d0751b30fb5\" data-token-time=\"1776624590\"><noscript class=\"wpforms-error-noscript\">Bitte aktivieren Sie JavaScript in Ihrem Browser, um dieses Formular fertigzustellen.<\/noscript><div class=\"wpforms-field-container\"><div id=\"wpforms-17577-field_1-container\" class=\"wpforms-field wpforms-field-select wpforms-field-select-style-classic\" data-field-id=\"1\"><label class=\"wpforms-field-label\" for=\"wpforms-17577-field_1\">Please indicate which artwork you are interested in<\/label><select id=\"wpforms-17577-field_1\" class=\"wpforms-field-large\" name=\"wpforms[fields][1]\"><option value=\"select here\" >select here<\/option><option value=\"01 \u2013 Recycling\" >01 \u2013 Recycling<\/option><option value=\"02 \u2013 Schatten\" >02 \u2013 Schatten<\/option><option value=\"03 \u2013 Beton-Elemente (Fassade Pavillon Escobedo)\" >03 \u2013 Beton-Elemente (Fassade Pavillon Escobedo)<\/option><option value=\"04 \u2013 Flaschen und Strand\" >04 \u2013 Flaschen und Strand<\/option><option value=\"05 \u2013 Wirren\" >05 \u2013 Wirren<\/option><option value=\"06 \u2013 Wirren\" >06 \u2013 Wirren<\/option><option value=\"07 \u2013 Kraft\" >07 \u2013 Kraft<\/option><option value=\"08 \u2013 Fantasie\" >08 \u2013 Fantasie<\/option><option value=\"09 \u2013 Traum\" >09 \u2013 Traum<\/option><option value=\"10 \u2013 Fantasie\" >10 \u2013 Fantasie<\/option><option value=\"11 \u2013 Traum\" >11 \u2013 Traum<\/option><option value=\"12 \u2013 Blume\" >12 \u2013 Blume<\/option><option value=\"13 \u2013 Antarktis Aktives Eis\" >13 \u2013 Antarktis Aktives Eis<\/option><option value=\"14 \u2013 Hoffnung\" >14 \u2013 Hoffnung<\/option><option value=\"15 \u2013 Perpetuum Mobile\" >15 \u2013 Perpetuum Mobile<\/option><option value=\"16 \u2013 Collage\" >16 \u2013 Collage<\/option><option value=\"17 \u2013 Raserei\" >17 \u2013 Raserei<\/option><option value=\"18 \u2013 Meer\" >18 \u2013 Meer<\/option><option value=\"19 \u2013 Durchblick\" >19 \u2013 Durchblick<\/option><option value=\"20 \u2013 Donauidylle\" >20 \u2013 Donauidylle<\/option><option value=\"21 \u2013 Shining Forest (Wald in Bhutan)\" >21 \u2013 Shining Forest (Wald in Bhutan)<\/option><option value=\"22 \u2013 Regenwald\" >22 \u2013 Regenwald<\/option><option value=\"23 \u2013 Froschperspektive\" >23 \u2013 Froschperspektive<\/option><option value=\"24 \u2013 Sch\u00e4rfe der Unsch\u00e4rfe (Baum im Ausserbergwald)\" >24 \u2013 Sch\u00e4rfe der Unsch\u00e4rfe (Baum im Ausserbergwald)<\/option><option value=\"25 \u2013 Sch\u00e4rfe der Unsch\u00e4rfe\" >25 \u2013 Sch\u00e4rfe der Unsch\u00e4rfe<\/option><option value=\"26 \u2013 Sch\u00e4rfe der Unsch\u00e4rfe (Siebenb\u00fcrgen)\" >26 \u2013 Sch\u00e4rfe der Unsch\u00e4rfe (Siebenb\u00fcrgen)<\/option><option value=\"27 \u2013 Sch\u00e4rfe der Unsch\u00e4rfe\" >27 \u2013 Sch\u00e4rfe der Unsch\u00e4rfe<\/option><option value=\"28 \u2013 Sch\u00e4rfe der Unsch\u00e4rfe (B\u00e4ume im Ausserbergwald)\" >28 \u2013 Sch\u00e4rfe der Unsch\u00e4rfe (B\u00e4ume im Ausserbergwald)<\/option><option value=\"29 \u2013 Sch\u00e4rfe der Unsch\u00e4rfe (Leuchtende B\u00e4ume)\" >29 \u2013 Sch\u00e4rfe der Unsch\u00e4rfe (Leuchtende B\u00e4ume)<\/option><option value=\"30 \u2013 Sch\u00e4rfe der Unsch\u00e4rfe (Wasserspiel)\" >30 \u2013 Sch\u00e4rfe der Unsch\u00e4rfe (Wasserspiel)<\/option><option value=\"31 \u2013 Sch\u00e4rfe der Unsch\u00e4rfe\" >31 \u2013 Sch\u00e4rfe der Unsch\u00e4rfe<\/option><option value=\"32 \u2013 Sch\u00e4rfe der Unsch\u00e4rfe\" >32 \u2013 Sch\u00e4rfe der Unsch\u00e4rfe<\/option><option value=\"33 \u2013 Sch\u00e4rfe der Unsch\u00e4rfe\" >33 \u2013 Sch\u00e4rfe der Unsch\u00e4rfe<\/option><option value=\"34 \u2013 Wachstum 1\" >34 \u2013 Wachstum 1<\/option><option value=\"35 \u2013 Wachstum 2\" >35 \u2013 Wachstum 2<\/option><option value=\"36 \u2013 Wachstum 3\" >36 \u2013 Wachstum 3<\/option><option value=\"37 \u2013 Rasendes Pferd\" >37 \u2013 Rasendes Pferd<\/option><option value=\"38 \u2013 Antarktis\" >38 \u2013 Antarktis<\/option><option value=\"39 \u2013 Syrien\" >39 \u2013 Syrien<\/option><option value=\"40 \u2013 Eislandschaft 2 (Antarktis)\" >40 \u2013 Eislandschaft 2 (Antarktis)<\/option><option value=\"41 \u2013 Weg 1\" >41 \u2013 Weg 1<\/option><option value=\"42 \u2013 Weg 2\" >42 \u2013 Weg 2<\/option><option value=\"43 \u2013 Weg 3\" >43 \u2013 Weg 3<\/option><option value=\"44 \u2013 Weg 4\" >44 \u2013 Weg 4<\/option><option value=\"45 \u2013 Weg 5\" >45 \u2013 Weg 5<\/option><option value=\"46 \u2013 Weg 6\" >46 \u2013 Weg 6<\/option><option value=\"47 \u2013 Weg 7\" >47 \u2013 Weg 7<\/option><option value=\"48 \u2013 Weg 8\" >48 \u2013 Weg 8<\/option><\/select><\/div><div id=\"wpforms-17577-field_2-container\" class=\"wpforms-field wpforms-field-name\" data-field-id=\"2\"><label class=\"wpforms-field-label\" for=\"wpforms-17577-field_2\">Your Name <span class=\"wpforms-required-label\">*<\/span><\/label><div class=\"wpforms-field-row wpforms-field-large\"><div class=\"wpforms-field-row-block wpforms-first wpforms-one-half\"><input type=\"text\" id=\"wpforms-17577-field_2\" class=\"wpforms-field-name-first wpforms-field-required\" name=\"wpforms[fields][2][first]\" required><label for=\"wpforms-17577-field_2\" class=\"wpforms-field-sublabel after \">Vorname<\/label><\/div><div class=\"wpforms-field-row-block wpforms-one-half\"><input type=\"text\" id=\"wpforms-17577-field_2-last\" class=\"wpforms-field-name-last wpforms-field-required\" name=\"wpforms[fields][2][last]\" required><label for=\"wpforms-17577-field_2-last\" class=\"wpforms-field-sublabel after \">Nachname<\/label><\/div><\/div><\/div><div id=\"wpforms-17577-field_3-container\" class=\"wpforms-field wpforms-field-email\" data-field-id=\"3\"><label class=\"wpforms-field-label\" for=\"wpforms-17577-field_3\">Email <span class=\"wpforms-required-label\">*<\/span><\/label><input type=\"email\" id=\"wpforms-17577-field_3\" class=\"wpforms-field-large wpforms-field-required\" name=\"wpforms[fields][3]\" spellcheck=\"false\" required><\/div><div id=\"wpforms-17577-field_5-container\" class=\"wpforms-field wpforms-field-text\" data-field-id=\"5\"><label class=\"wpforms-field-label\" for=\"wpforms-17577-field_5\">Phone<\/label><input type=\"text\" id=\"wpforms-17577-field_5\" class=\"wpforms-field-large\" name=\"wpforms[fields][5]\" ><\/div><div id=\"wpforms-17577-field_7-container\" class=\"wpforms-field wpforms-field-text\" data-field-id=\"7\"><label class=\"wpforms-field-label\" for=\"wpforms-17577-field_7\">Street \/ Nr.<\/label><input type=\"text\" id=\"wpforms-17577-field_7\" class=\"wpforms-field-large\" name=\"wpforms[fields][7]\" ><\/div><div id=\"wpforms-17577-field_8-container\" class=\"wpforms-field wpforms-field-text\" data-field-id=\"8\"><label class=\"wpforms-field-label\" for=\"wpforms-17577-field_8\">City<\/label><input type=\"text\" id=\"wpforms-17577-field_8\" class=\"wpforms-field-large\" name=\"wpforms[fields][8]\" ><\/div><div id=\"wpforms-17577-field_11-container\" class=\"wpforms-field wpforms-field-text\" data-field-id=\"11\"><label class=\"wpforms-field-label\" for=\"wpforms-17577-field_11\">State<\/label><input type=\"text\" id=\"wpforms-17577-field_11\" class=\"wpforms-field-large\" name=\"wpforms[fields][11]\" ><\/div><div id=\"wpforms-17577-field_9-container\" class=\"wpforms-field wpforms-field-text\" data-field-id=\"9\"><label class=\"wpforms-field-label\" for=\"wpforms-17577-field_9\">Country<\/label><input type=\"text\" id=\"wpforms-17577-field_9\" class=\"wpforms-field-large\" name=\"wpforms[fields][9]\" ><\/div><div id=\"wpforms-17577-field_10-container\" class=\"wpforms-field wpforms-field-textarea\" data-field-id=\"10\"><label class=\"wpforms-field-label\" for=\"wpforms-17577-field_10\">Message<\/label><textarea id=\"wpforms-17577-field_10\" class=\"wpforms-field-large\" name=\"wpforms[fields][10]\" ><\/textarea><\/div><\/div><!-- .wpforms-field-container --><div class=\"wpforms-field wpforms-field-hp\"><label for=\"wpforms-17577-field-hp\" class=\"wpforms-field-label\">Email<\/label><input type=\"text\" name=\"wpforms[hp]\" id=\"wpforms-17577-field-hp\" class=\"wpforms-field-medium\"><\/div><div class=\"wpforms-submit-container\" ><input type=\"hidden\" name=\"wpforms[id]\" value=\"17577\"><input type=\"hidden\" name=\"page_title\" value=\"\"><input type=\"hidden\" name=\"page_url\" value=\"https:\/\/lichtfeld.ch\/wordpress\/wp-json\/wp\/v2\/pages\/17703\"><button type=\"submit\" name=\"wpforms[submit]\" id=\"wpforms-submit-17577\" class=\"wpforms-submit\" data-alt-text=\"Sending...\" data-submit-text=\"Submit\" aria-live=\"assertive\" value=\"wpforms-submit\">Submit<\/button><\/div><\/form><\/div>  <!-- .wpforms-container -->[\/vc_tta_section][\/vc_tta_accordion][vc_row_inner][vc_column_inner]<div class=\"ult-spacer spacer-69e523ce7b777\" data-id=\"69e523ce7b777\" data-height=\"60\" data-height-mobile=\"50\" data-height-tab=\"50\" data-height-tab-portrait=\"\" data-height-mobile-landscape=\"\" style=\"clear:both;display:block;\"><\/div>[\/vc_column_inner][\/vc_row_inner][\/vc_column][vc_column width=&#187;1\/2&#8243;][vc_single_image image=&#187;17618&#8243; img_size=&#187;full&#187; alignment=&#187;center&#187; onclick=&#187;link_image&#187;]<div class=\"ult-spacer spacer-69e523ce7b782\" data-id=\"69e523ce7b782\" data-height=\"40\" data-height-mobile=\"20\" data-height-tab=\"30\" data-height-tab-portrait=\"\" data-height-mobile-landscape=\"\" style=\"clear:both;display:block;\"><\/div>[\/vc_column][\/vc_row][vc_row][vc_column]<div class=\"ult-spacer spacer-69e523ce7b789\" data-id=\"69e523ce7b789\" data-height=\"80\" data-height-mobile=\"20\" data-height-tab=\"20\" data-height-tab-portrait=\"\" data-height-mobile-landscape=\"\" style=\"clear:both;display:block;\"><\/div>[\/vc_column][\/vc_row]\n<\/div>","protected":false},"excerpt":{"rendered":"<p>[vc_row][vc_column][vc_raw_js]JTNDc2NyaXB0JTIwbGFuZ3VhZ2UlM0QlMjJqYXZhc2NyaXB0JTIyJTIwdHlwZSUzRCUyMnRleHQlMkZqYXZhc2NyaXB0JTIyJTNFJTBBZnVuY3Rpb24lMjB3aW5kb3dDbG9zZSUyOCUyOSUyMCU3QiUwQXdpbmRvdy5vcGVuJTI4JTI3JTI3JTJDJTI3X3BhcmVudCUyNyUyQyUyNyUyNyUyOSUzQiUwQXdpbmRvdy5jbG9zZSUyOCUyOSUzQiUwQSU3RCUwQSUzQyUyRnNjcmlwdCUzRQ==[\/vc_raw_js][vc_raw_html]JTNDaW5wdXQlMjB0eXBlJTNEJTIyYnV0dG9uJTIyJTIwdmFsdWUlM0QlMjIlQzMlOTclMjIlMjBvbmNsaWNrJTNEJTIyd2luZG93Q2xvc2UlMjglMjklM0IlMjIlM0UlMEElMEElM0NzdHlsZSUzRSUyMCUwQWlucHV0JTVCdHlwZSUzRGJ1dHRvbiU1RCUyQyUyMGlucHV0JTVCdHlwZSUzRHN1Ym1pdCU1RCUyQyUyMGlucHV0JTVCdHlwZSUzRHJlc2V0JTVEJTIwJTdCJTBBJTIwJTIwYmFja2dyb3VuZC1jb2xvciUzQSUyMCUyM2QwNWI5ZCUzQiUwQSUyMCUyMGJvcmRlciUzQSUyMG5vbmUlM0IlMEElMjAtd2Via2l0LWFwcGVhcmFuY2UlM0ElMjBub25lJTNCJTIwJTBBJTIwJTIwY29sb3IlM0ElMjNmZmZmZmYlM0IlMEElMjAlMjBmb250LXNpemUlM0ExNHB4JTNCJTBBZm9udC1mYW1pbHklM0ElMjAlMjJGRkh5ZHJhV2ViUHJvRXh0ZW5kZWRCb2xkJTIyJTNCJTBBJTIwJTIwcGFkZGluZyUzQSUyMDE0cHglMjAxN3B4JTNCJTBBJTIwJTIwdGV4dC1kZWNvcmF0aW9uJTNBJTIwbm9uZSUzQiUwQSUyMCUyMG1hcmdpbiUzQSUyMDBweCUyMDVweCUzQiUwQS13ZWJraXQtYm9yZGVyLXJhZGl1cyUzQTBweCUzQiUwQS1tb3otYm9yZGVyLXJhZGl1cyUzQTBweCUzQiUwQWJvcmRlci1yYWRpdXMlM0EwcHglM0IlMEElMjAlMjBwb3NpdGlvbiUzQSUyMGFic29sdXRlJTNCJTBBJTIwJTIwcmlnaHQlM0ElMjAxMHB4JTNCJTBBJTBBJTIwJTIwY3Vyc29yJTNBJTIwZ3JhYmJpbmclM0IlMEElMEElMEElN0QlMEElM0MlMkZzdHlsZSUzRQ==[\/vc_raw_html][\/vc_column][\/vc_row][vc_row][vc_column width=&#187;1\/2&#8243;][vc_column_text] Annetta Grisard [\/vc_column_text][vc_column_text]14 \u2013 Hoffnung Acryl auf Leinwand B 190 \u00d7 H 190\u2009cm 2018 CHF 10\u2019000.\u2013[\/vc_column_text][vc_column_text]exkl. 7.7% tax and shipping[\/vc_column_text][vc_tta_accordion style=&#187;flat&#187; shape=&#187;square&#187; color=&#187;white&#187; autoplay=&#187;1&#8243; active_section=&#187;1&#8243; el_class=&#187;plustext&#187;][vc_tta_section title=&#187;Inquiry \/<\/p>\n","protected":false},"author":1,"featured_media":0,"parent":17569,"menu_order":0,"comment_status":"closed","ping_status":"closed","template":"page-custom.php","meta":{"_acf_changed":false,"footnotes":""},"tags":[],"folder":[96],"acf":[],"_links":{"self":[{"href":"https:\/\/lichtfeld.ch\/wordpress\/wp-json\/wp\/v2\/pages\/17703"}],"collection":[{"href":"https:\/\/lichtfeld.ch\/wordpress\/wp-json\/wp\/v2\/pages"}],"about":[{"href":"https:\/\/lichtfeld.ch\/wordpress\/wp-json\/wp\/v2\/types\/page"}],"author":[{"embeddable":true,"href":"https:\/\/lichtfeld.ch\/wordpress\/wp-json\/wp\/v2\/users\/1"}],"replies":[{"embeddable":true,"href":"https:\/\/lichtfeld.ch\/wordpress\/wp-json\/wp\/v2\/comments?post=17703"}],"version-history":[{"count":0,"href":"https:\/\/lichtfeld.ch\/wordpress\/wp-json\/wp\/v2\/pages\/17703\/revisions"}],"up":[{"embeddable":true,"href":"https:\/\/lichtfeld.ch\/wordpress\/wp-json\/wp\/v2\/pages\/17569"}],"wp:attachment":[{"href":"https:\/\/lichtfeld.ch\/wordpress\/wp-json\/wp\/v2\/media?parent=17703"}],"wp:term":[{"taxonomy":"post_tag","embeddable":true,"href":"https:\/\/lichtfeld.ch\/wordpress\/wp-json\/wp\/v2\/tags?post=17703"},{"taxonomy":"folder","embeddable":true,"href":"https:\/\/lichtfeld.ch\/wordpress\/wp-json\/wp\/v2\/folder?post=17703"}],"curies":[{"name":"wp","href":"https:\/\/api.w.org\/{rel}","templated":true}]}}