{"id":16441,"date":"2020-11-04T16:17:22","date_gmt":"2020-11-04T15:17:22","guid":{"rendered":"https:\/\/lichtfeld.ch\/wordpress\/?page_id=16441"},"modified":"2021-05-06T15:56:30","modified_gmt":"2021-05-06T13:56:30","slug":"current_groupshow","status":"publish","type":"page","link":"https:\/\/lichtfeld.ch\/wordpress\/current_groupshow\/","title":{"rendered":"Current #10 Group Show"},"content":{"rendered":"<div class=\"wpb-content-wrapper\">[vc_row dfd_row_config=&#187;default_row_no_paddings&#187;][vc_column]<div class=\"ult-spacer spacer-69e4dd246888d\" data-id=\"69e4dd246888d\" data-height=\"60\" data-height-mobile=\"0\" data-height-tab=\"30\" data-height-tab-portrait=\"\" data-height-mobile-landscape=\"\" style=\"clear:both;display:block;\"><\/div>[\/vc_column][\/vc_row][vc_row css=&#187;.vc_custom_1584104914465{padding-right: 15px !important;padding-left: 15px !important;}&#187;][vc_column width=&#187;1\/3&#8243; column_prebuilt_classes=&#187;dfd-mobile-remove-all-paddings&#187; css=&#187;.vc_custom_1453813001966{padding: 10px !important;}&#187;][vc_column_text]\n<h3><b>CURRENT<\/b><\/h3>\n[\/vc_column_text][vc_column_text]<strong>Donnerstag, 26. Nov. 18:00\u201320.00 Uhr<\/strong><\/p>\n<p><strong>Ausstellung:\u00a0<\/strong><br \/>\nBis Sa. 9. Januar 2021<\/p>\n<p>Reservation: <a href=\"mailto:info@lichtfeld.ch\">info@lichtfeld.ch<\/a>[\/vc_column_text]<div class=\"ult-spacer spacer-69e4dd24688a9\" data-id=\"69e4dd24688a9\" data-height=\"20\" data-height-mobile=\"20\" data-height-tab=\"20\" data-height-tab-portrait=\"\" data-height-mobile-landscape=\"\" style=\"clear:both;display:block;\"><\/div>[vc_column_text]Bevor wir uns in die Festtage begeben, laden wir Sie und Begleitung gerne zu unserer letzten Ausstellung im 2020 ein. Da wir alle nicht wissen wie sich die Situation um COVID-19 bis dahin entwickelt und die Bestimmungen des BAG im November formuliert sind, verzichten wir auf eine grosse Vernissage. Die Ausstellung ist trotzdem am Do. 26. November ge\u00f6ffnet und der ARTISTIC-AP\u00c9RO steht f\u00fcr sie bereit.<\/p>\n<p>Damit m\u00f6chten wir Danke sagen und w\u00fcnschen Ihnen und Familie eine hoffentlich virusfreie und gesunde Zeit.<\/p>\n<p>Ausgestellt sind Werke von: MARCK, Carlo Alo\u00eb, Jonas Baumann, Genevi\u00e8ve Morin, Alex Bleuler, Markus Klinko, Nimai Kesten, Tom Senn, Peter Dauphin genannt Muth, Hubert Kretzschmar, Walter Dolphin, Mica Crandall Bear, Simon Gudgeon, Malcolm Liepke, S\u00e9bastien Prechoux, Neil Douglas, Swiz, L\u2019Atlas, Chad Little, Philip Munoz, Pedro Corea, Ren\u00e9 Beuret und Augustine Kofie.[\/vc_column_text]<div class=\"ult-spacer spacer-69e4dd24688b5\" data-id=\"69e4dd24688b5\" data-height=\"20\" data-height-mobile=\"20\" data-height-tab=\"20\" data-height-tab-portrait=\"\" data-height-mobile-landscape=\"\" style=\"clear:both;display:block;\"><\/div>[vc_column_text]<a href=\"https:\/\/lichtfeld.ch\/wordpress\/wp-content\/uploads\/2020\/11\/Setliste_10_LF_Gruppenausstellung20_21_Web.pdf\" target=\"_blank\" rel=\"noopener\"><strong>Download Flyer<\/strong><\/a>[\/vc_column_text]<div class=\"dfd-spacer-module\"  data-units=\"px\" data-wide_resolution=\"1280\" data-wide_size=\"40\" data-normal_resolution=\"1024\" data-normal_size=\"20\" data-tablet_resolution=\"800\" data-tablet_size=\"10\" data-mobile_resolution=\"480\" data-mobile_size=\"5\" style=\"height: 40px;\"><\/div>[vc_column_text]\n<h3><a href=\"https:\/\/lichtfeld.ch\/wordpress\/groupshow_10\/\"><b>VIEWING ROOM<\/b><\/a><\/h3>\n[\/vc_column_text][\/vc_column][vc_column column_bg_check=&#187;column-background-dark&#187; width=&#187;2\/3&#8243; column_prebuilt_classes=&#187;dfd-mobile-remove-all-paddings&#187;]<div class=\"ult-spacer spacer-69e4dd2468900\" data-id=\"69e4dd2468900\" data-height=\"20\" data-height-mobile=\"20\" data-height-tab=\"20\" data-height-tab-portrait=\"\" data-height-mobile-landscape=\"\" style=\"clear:both;display:block;\"><\/div>[vc_single_image image=&#187;17153&#8243; img_size=&#187;full&#187; alignment=&#187;center&#187; css=&#187;.vc_custom_1604676187161{border-top-width: 1px !important;border-right-width: 1px !important;border-bottom-width: 1px !important;border-left-width: 1px !important;border-left-color: #7a7a7a !important;border-right-color: #7a7a7a !important;border-top-color: #7a7a7a !important;border-bottom-color: #7a7a7a !important;border-radius: 1px !important;}&#187; el_class=&#187;img2&#8243;]<div class=\"ult-spacer spacer-69e4dd2468909\" data-id=\"69e4dd2468909\" data-height=\"20\" data-height-mobile=\"20\" data-height-tab=\"20\" data-height-tab-portrait=\"\" data-height-mobile-landscape=\"\" style=\"clear:both;display:block;\"><\/div>[\/vc_column][\/vc_row][vc_row][vc_column]<div class=\"dfd-spacer-module\"  data-units=\"px\" data-wide_resolution=\"1280\" data-wide_size=\"80\" data-normal_resolution=\"1024\" data-normal_size=\"80\" data-tablet_resolution=\"800\" data-tablet_size=\"40\" data-mobile_resolution=\"480\" data-mobile_size=\"20\" style=\"height: 80px;\"><\/div>[vc_separator]<div class=\"dfd-spacer-module\"  data-units=\"px\" data-wide_resolution=\"1280\" data-wide_size=\"80\" data-normal_resolution=\"1024\" data-normal_size=\"80\" data-tablet_resolution=\"800\" data-tablet_size=\"40\" data-mobile_resolution=\"480\" data-mobile_size=\"20\" style=\"height: 80px;\"><\/div>[\/vc_column][\/vc_row][vc_row css=&#187;.vc_custom_1584104974051{padding-right: 15px !important;padding-left: 15px !important;}&#187;][vc_column width=&#187;1\/3&#8243; column_prebuilt_classes=&#187;dfd-mobile-remove-all-paddings&#187; css=&#187;.vc_custom_1453813001966{padding: 10px !important;}&#187;]<div class=\"ult-spacer spacer-69e4dd2468941\" data-id=\"69e4dd2468941\" data-height=\"20\" data-height-mobile=\"20\" data-height-tab=\"20\" data-height-tab-portrait=\"\" data-height-mobile-landscape=\"\" style=\"clear:both;display:block;\"><\/div>[vc_column_text]<strong>LICHT FELD goes to St. Petersburg<\/strong><\/p>\n<p><b>MARCK Video Sculptures<\/b><\/p>\n<p><b>Beyond Boundaries<br \/>\n<\/b>First solo show in St. Petersburg, Russia<\/p>\n<p><strong>VIP-Opening:<\/strong> 10.\u200911.\u20092022<br \/>\n<strong>Exhibition:<\/strong> 11.\u200911. 2022\u2009\u2013\u200912.\u200903.\u20092023[\/vc_column_text]<div class=\"dfd-spacer-module\"  data-units=\"px\" data-wide_resolution=\"1280\" data-wide_size=\"40\" data-normal_resolution=\"1024\" data-normal_size=\"20\" data-tablet_resolution=\"800\" data-tablet_size=\"10\" data-mobile_resolution=\"480\" data-mobile_size=\"5\" style=\"height: 40px;\"><\/div>[vc_column_text]<a href=\"https:\/\/lichtfeld.ch\/wordpress\/wp-content\/uploads\/2020\/08\/MARCK_Flyer_ERARTA_WEB_2022.pdf\" target=\"_blank\" rel=\"noopener\"><strong>Download Flyer<\/strong><\/a>[\/vc_column_text]<div class=\"dfd-spacer-module\"  data-units=\"px\" data-wide_resolution=\"1280\" data-wide_size=\"40\" data-normal_resolution=\"1024\" data-normal_size=\"20\" data-tablet_resolution=\"800\" data-tablet_size=\"10\" data-mobile_resolution=\"480\" data-mobile_size=\"5\" style=\"height: 40px;\"><\/div><div class=\"dfd-spacer-module\"  data-units=\"px\" data-wide_resolution=\"1280\" data-wide_size=\"40\" data-normal_resolution=\"1024\" data-normal_size=\"20\" data-tablet_resolution=\"800\" data-tablet_size=\"10\" data-mobile_resolution=\"480\" data-mobile_size=\"5\" style=\"height: 40px;\"><\/div>[\/vc_column][vc_column column_bg_check=&#187;column-background-dark&#187; width=&#187;2\/3&#8243; column_prebuilt_classes=&#187;dfd-mobile-remove-all-paddings&#187;]<div class=\"ult-spacer spacer-69e4dd2468993\" data-id=\"69e4dd2468993\" data-height=\"20\" data-height-mobile=\"20\" data-height-tab=\"20\" data-height-tab-portrait=\"\" data-height-mobile-landscape=\"\" style=\"clear:both;display:block;\"><\/div>[vc_video link=&#187;https:\/\/vimeo.com\/401369811&#8243;]<div class=\"ult-spacer spacer-69e4dd246899a\" data-id=\"69e4dd246899a\" data-height=\"20\" data-height-mobile=\"20\" data-height-tab=\"20\" data-height-tab-portrait=\"\" data-height-mobile-landscape=\"\" style=\"clear:both;display:block;\"><\/div>[\/vc_column][\/vc_row][vc_row][vc_column]<div class=\"dfd-spacer-module\"  data-units=\"px\" data-wide_resolution=\"1280\" data-wide_size=\"80\" data-normal_resolution=\"1024\" data-normal_size=\"80\" data-tablet_resolution=\"800\" data-tablet_size=\"40\" data-mobile_resolution=\"480\" data-mobile_size=\"20\" style=\"height: 80px;\"><\/div><div class=\"dfd-spacer-module\"  data-units=\"px\" data-wide_resolution=\"1280\" data-wide_size=\"80\" data-normal_resolution=\"1024\" data-normal_size=\"80\" data-tablet_resolution=\"800\" data-tablet_size=\"40\" data-mobile_resolution=\"480\" data-mobile_size=\"20\" style=\"height: 80px;\"><\/div>[\/vc_column][\/vc_row]\n<\/div>","protected":false},"excerpt":{"rendered":"<p>[vc_row dfd_row_config=&#187;default_row_no_paddings&#187;][vc_column][\/vc_column][\/vc_row][vc_row css=&#187;.vc_custom_1584104914465{padding-right: 15px !important;padding-left: 15px !important;}&#187;][vc_column width=&#187;1\/3&#8243; column_prebuilt_classes=&#187;dfd-mobile-remove-all-paddings&#187; css=&#187;.vc_custom_1453813001966{padding: 10px !important;}&#187;][vc_column_text] CURRENT [\/vc_column_text][vc_column_text]Donnerstag, 26. Nov. 18:00\u201320.00 Uhr Ausstellung:\u00a0 Bis Sa. 9. Januar 2021 Reservation: info@lichtfeld.ch[\/vc_column_text][vc_column_text]Bevor wir uns in die<\/p>\n","protected":false},"author":1,"featured_media":17153,"parent":0,"menu_order":10,"comment_status":"closed","ping_status":"closed","template":"","meta":{"_acf_changed":false,"footnotes":""},"tags":[76],"folder":[],"acf":[],"_links":{"self":[{"href":"https:\/\/lichtfeld.ch\/wordpress\/wp-json\/wp\/v2\/pages\/16441"}],"collection":[{"href":"https:\/\/lichtfeld.ch\/wordpress\/wp-json\/wp\/v2\/pages"}],"about":[{"href":"https:\/\/lichtfeld.ch\/wordpress\/wp-json\/wp\/v2\/types\/page"}],"author":[{"embeddable":true,"href":"https:\/\/lichtfeld.ch\/wordpress\/wp-json\/wp\/v2\/users\/1"}],"replies":[{"embeddable":true,"href":"https:\/\/lichtfeld.ch\/wordpress\/wp-json\/wp\/v2\/comments?post=16441"}],"version-history":[{"count":0,"href":"https:\/\/lichtfeld.ch\/wordpress\/wp-json\/wp\/v2\/pages\/16441\/revisions"}],"wp:featuredmedia":[{"embeddable":true,"href":"https:\/\/lichtfeld.ch\/wordpress\/wp-json\/wp\/v2\/media\/17153"}],"wp:attachment":[{"href":"https:\/\/lichtfeld.ch\/wordpress\/wp-json\/wp\/v2\/media?parent=16441"}],"wp:term":[{"taxonomy":"post_tag","embeddable":true,"href":"https:\/\/lichtfeld.ch\/wordpress\/wp-json\/wp\/v2\/tags?post=16441"},{"taxonomy":"folder","embeddable":true,"href":"https:\/\/lichtfeld.ch\/wordpress\/wp-json\/wp\/v2\/folder?post=16441"}],"curies":[{"name":"wp","href":"https:\/\/api.w.org\/{rel}","templated":true}]}}