{"id":16086,"date":"2020-05-19T14:38:39","date_gmt":"2020-05-19T12:38:39","guid":{"rendered":"https:\/\/lichtfeld.ch\/wordpress\/?page_id=16086"},"modified":"2020-05-19T14:39:13","modified_gmt":"2020-05-19T12:39:13","slug":"08_vr_freland","status":"publish","type":"page","link":"https:\/\/lichtfeld.ch\/wordpress\/08_vr_freland\/","title":{"rendered":"Viewing Room Exhibition 08 \u2013 Collection ArtFabricFreland"},"content":{"rendered":"<div class=\"wpb-content-wrapper\">[vc_row full_height=&#187;yes&#187; dfd_row_config=&#187;default_row_no_paddings&#187; dfd_row_responsive_enable=&#187;dfd-row-responsive-enable&#187; dfd_enable_overlay=&#187;&#187; bg_type=&#187;image&#187; bg_image_new=&#187;15631&#8243; bg_image_repeat=&#187;no-repeat&#187; bg_img_attach=&#187;fixed&#187; bg_image_posiiton=&#187;50% 50px&#187; bg_override=&#187;ex-full&#187; css=&#187;.vc_custom_1587729613277{background-position: center !important;background-repeat: no-repeat !important;background-size: cover !important;}&#187;][vc_column css=&#187;.vc_custom_1587569841308{padding-top: 60px !important;padding-bottom: 60px !important;}&#187;]<div id=\"dfd-carousel-69e4f448c93a2\" class=\"dfd-carousel-wrapper\"><div class=\"dfd-carousel-module-wrapper  dfd-carousel-horizontal dfd-arrows_aside dfd-keep-arrows dfd-arrows-style_2 dfd-arrows-enabled\" ><div class=\"dfd-carousel\">[vc_row_inner][vc_column_inner width=&#187;1\/6&#8243;][\/vc_column_inner][vc_column_inner width=&#187;2\/6&#8243;]<div class=\"dfd-item-wrap\"><div class=\"cover\"><div class=\"dfd-spacer-module\"  data-units=\"px\" data-wide_resolution=\"1280\" data-wide_size=\"240\" data-normal_resolution=\"1024\" data-normal_size=\"100\" data-tablet_resolution=\"800\" data-tablet_size=\"60\" data-mobile_resolution=\"480\" data-mobile_size=\"20\" style=\"height: 240px;\"><\/div><\/div><\/div>[vc_column_text]\n<h4>Viewing Room<\/h4>\n<h4>EXHIBITION #08<br \/>\nCollection \u00abArtFabricFreland\u00bb<\/h4>\n[\/vc_column_text]<div class=\"dfd-item-wrap\"><div class=\"cover\"><div class=\"dfd-spacer-module\"  data-units=\"px\" data-wide_resolution=\"1280\" data-wide_size=\"60\" data-normal_resolution=\"1024\" data-normal_size=\"40\" data-tablet_resolution=\"800\" data-tablet_size=\"20\" data-mobile_resolution=\"480\" data-mobile_size=\"20\" style=\"height: 60px;\"><\/div><\/div><\/div><div class=\"dfd-item-wrap\"><div class=\"cover\"><div class=\"dfd-spacer-module\"  data-units=\"px\" data-wide_resolution=\"1280\" data-wide_size=\"60\" data-normal_resolution=\"1024\" data-normal_size=\"40\" data-tablet_resolution=\"800\" data-tablet_size=\"20\" data-mobile_resolution=\"480\" data-mobile_size=\"20\" style=\"height: 60px;\"><\/div><\/div><\/div>[\/vc_column_inner][vc_column_inner width=&#187;2\/6&#8243;]<div class=\"dfd-item-wrap\"><div class=\"cover\"><div class=\"dfd-spacer-module\"  data-units=\"px\" data-wide_resolution=\"1280\" data-wide_size=\"120\" data-normal_resolution=\"1024\" data-normal_size=\"100\" data-tablet_resolution=\"800\" data-tablet_size=\"60\" data-mobile_resolution=\"480\" data-mobile_size=\"60\" style=\"height: 120px;\"><\/div><\/div><\/div>[vc_column_text]Wir haben die Ehre, eine Auswahl von Kunstwerken aus der Sammlung \u00abArtFabricFreland\u00bb in Basel zu zeigen.<\/p>\n<p>Die von Georg Frey, aka Smoke, aufgebaut Sammlung beinhaltet diverse Meisterwerke von K\u00fcnstlerInnen die auch von der LICHT FELD Galerie gef\u00f6rdert und ausgestellt werden. Leider verstarb der Sammler und Philanthrop im letzten Jahr. Mit dieser Ausstellung m\u00f6chten wir Danke sagen und nochmals seiner gedenken. Wir zeigen Werke von MARCK, Z\u00fcrich \u2014 Peter Dauphin genanth Muth, N\u00fcrnberg \u2014 Matthias Schauwecker, Berlin \u2014 Lionel Guibout, Paris \u2014 Zhong Qin, Xiamen (China).[\/vc_column_text][\/vc_column_inner][vc_column_inner width=&#187;1\/6&#8243;][\/vc_column_inner][\/vc_row_inner][vc_single_image image=&#187;15603&#8243; img_size=&#187;full&#187; alignment=&#187;center&#187; img_link_target=&#187;_blank&#187; css_animation=&#187;slideInRight&#187; onclick=&#187;custom_link&#187; link=&#187;https:\/\/lichtfeld.ch\/wordpress\/vr_freland\/vr_freland_01\/&#187; el_class=&#187;vrimg&#187; el_id=&#187;img01&#8243;][vc_single_image image=&#187;15604&#8243; img_size=&#187;full&#187; alignment=&#187;center&#187; img_link_target=&#187;_blank&#187; css_animation=&#187;slideInRight&#187; onclick=&#187;custom_link&#187; link=&#187;https:\/\/lichtfeld.ch\/wordpress\/vr_freland\/vr_freland_02\/&#187; el_class=&#187;vrimg&#187;][vc_single_image image=&#187;15605&#8243; img_size=&#187;full&#187; alignment=&#187;center&#187; img_link_target=&#187;_blank&#187; css_animation=&#187;slideInRight&#187; onclick=&#187;custom_link&#187; link=&#187;https:\/\/lichtfeld.ch\/wordpress\/vr_freland\/vr_freland_03\/&#187; el_class=&#187;vrimg&#187;][vc_row_inner][vc_column_inner]<div class=\"dfd-item-wrap\"><div class=\"cover\"><div class=\"dfd-spacer-module\"  data-units=\"px\" data-wide_resolution=\"1280\" data-wide_size=\"20\" data-normal_resolution=\"1024\" data-normal_size=\"20\" data-tablet_resolution=\"800\" data-tablet_size=\"50\" data-mobile_resolution=\"480\" data-mobile_size=\"200\" style=\"height: 20px;\"><\/div><\/div><\/div>[vc_single_image image=&#187;15636&#8243; img_size=&#187;full&#187; alignment=&#187;center&#187; img_link_target=&#187;_blank&#187; css_animation=&#187;slideInRight&#187; onclick=&#187;custom_link&#187; link=&#187;https:\/\/lichtfeld.ch\/wordpress\/vr_freland\/vr_freland_04\/&#187; el_class=&#187;vrimg&#187;][\/vc_column_inner][\/vc_row_inner][vc_row_inner][vc_column_inner]<div class=\"dfd-item-wrap\"><div class=\"cover\"><div class=\"dfd-spacer-module\"  data-units=\"px\" data-wide_resolution=\"1280\" data-wide_size=\"20\" data-normal_resolution=\"1024\" data-normal_size=\"20\" data-tablet_resolution=\"800\" data-tablet_size=\"50\" data-mobile_resolution=\"480\" data-mobile_size=\"200\" style=\"height: 20px;\"><\/div><\/div><\/div>[vc_single_image image=&#187;15637&#8243; img_size=&#187;full&#187; alignment=&#187;center&#187; img_link_target=&#187;_blank&#187; css_animation=&#187;slideInRight&#187; onclick=&#187;custom_link&#187; link=&#187;https:\/\/lichtfeld.ch\/wordpress\/vr_freland\/vr_freland_05\/&#187; el_class=&#187;spec2 vrimg imgsmall &#171;][\/vc_column_inner][\/vc_row_inner][vc_row_inner][vc_column_inner width=&#187;1\/3&#8243;][\/vc_column_inner][vc_column_inner width=&#187;1\/3&#187;]<div class=\"dfd-item-wrap\"><div class=\"cover\"><div class=\"dfd-spacer-module\"  data-units=\"px\" data-wide_resolution=\"1280\" data-wide_size=\"90\" data-normal_resolution=\"1024\" data-normal_size=\"70\" data-tablet_resolution=\"800\" data-tablet_size=\"60\" data-mobile_resolution=\"480\" data-mobile_size=\"50\" style=\"height: 90px;\"><\/div><\/div><\/div>[vc_raw_html]JTNDYSUyMGhyZWYlM0QlMjJodHRwcyUzQSUyRiUyRmxpY2h0ZmVsZC5jaCUyRndvcmRwcmVzcyUyRnZyX2ZyZWxhbmQlMkZ2cl9mcmVsYW5kXzA2JTJGJTIyJTIwdGFyZ2V0JTNEJTIyX2JsYW5rJTIyJTNFJTBBJTNDdmlkZW8lMjB3aWR0aCUzRCUyMjg1JTI1JTIyJTIwaGVpZ2h0JTNEJTIyYXV0byUyMiUyMHBsYXlzaW5saW5lJTIwYXV0b3BsYXklMjBtdXRlZCUyMGxvb3AlM0UlMEElMjAlM0Nzb3VyY2UlMjBzcmMlM0QlMjJodHRwcyUzQSUyRiUyRmxpY2h0ZmVsZC5jaCUyRndvcmRwcmVzcyUyRndwLWNvbnRlbnQlMkZ1cGxvYWRzJTJGMjAyMCUyRjA0JTJGYmxhY2toYWlyMi5tcDQlMjIlMjB0eXBlJTNEJTIydmlkZW8lMkZtcDQlMjIlM0UlMEElM0MlMkZ2aWRlbyUzRSUwQSUzQyUyRmElM0U=[\/vc_raw_html][\/vc_column_inner][vc_column_inner width=&#187;1\/3&#8243;][\/vc_column_inner][\/vc_row_inner][vc_single_image image=&#187;15850&#8243; img_size=&#187;full&#187; alignment=&#187;center&#187; img_link_target=&#187;_blank&#187; css_animation=&#187;slideInRight&#187; onclick=&#187;custom_link&#187; link=&#187;https:\/\/lichtfeld.ch\/wordpress\/vr_freland\/vr_freland_07\/&#187; el_class=&#187;vrimg&#187;][vc_single_image image=&#187;15610&#8243; img_size=&#187;full&#187; alignment=&#187;center&#187; img_link_target=&#187;_blank&#187; css_animation=&#187;slideInRight&#187; onclick=&#187;custom_link&#187; link=&#187;https:\/\/lichtfeld.ch\/wordpress\/vr_freland\/vr_freland_08\/&#187; el_class=&#187;vrimg&#187;][vc_single_image image=&#187;15803&#8243; img_size=&#187;full&#187; alignment=&#187;center&#187; img_link_target=&#187;_blank&#187; css_animation=&#187;slideInRight&#187; onclick=&#187;custom_link&#187; link=&#187;https:\/\/lichtfeld.ch\/wordpress\/vr_freland\/vr_freland_09\/&#187; el_class=&#187;vrimg&#187;][vc_single_image image=&#187;15612&#8243; img_size=&#187;full&#187; alignment=&#187;center&#187; img_link_target=&#187;_blank&#187; css_animation=&#187;slideInRight&#187; onclick=&#187;custom_link&#187; link=&#187;https:\/\/lichtfeld.ch\/wordpress\/vr_freland\/vr_freland_10\/&#187; el_class=&#187;vrimg&#187;][vc_single_image image=&#187;15613&#8243; img_size=&#187;full&#187; alignment=&#187;center&#187; img_link_target=&#187;_blank&#187; css_animation=&#187;slideInRight&#187; onclick=&#187;custom_link&#187; link=&#187;https:\/\/lichtfeld.ch\/wordpress\/vr_freland\/vr_freland_11\/&#187; el_class=&#187;vrimg&#187;][vc_single_image image=&#187;15614&#8243; img_size=&#187;full&#187; alignment=&#187;center&#187; img_link_target=&#187;_blank&#187; css_animation=&#187;slideInRight&#187; onclick=&#187;custom_link&#187; link=&#187;https:\/\/lichtfeld.ch\/wordpress\/vr_freland\/vr_freland_12\/&#187; el_class=&#187;vrimg&#187;][vc_single_image image=&#187;15615&#8243; img_size=&#187;full&#187; alignment=&#187;center&#187; img_link_target=&#187;_blank&#187; css_animation=&#187;slideInRight&#187; onclick=&#187;custom_link&#187; link=&#187;https:\/\/lichtfeld.ch\/wordpress\/vr_freland\/vr_freland_13\/&#187; el_class=&#187;vrimg imgsmall&#187;][vc_single_image image=&#187;15616&#8243; img_size=&#187;full&#187; alignment=&#187;center&#187; img_link_target=&#187;_blank&#187; css_animation=&#187;slideInRight&#187; onclick=&#187;custom_link&#187; link=&#187;https:\/\/lichtfeld.ch\/wordpress\/vr_freland\/vr_freland_14\/&#187; el_class=&#187;vrimg&#187;][vc_single_image image=&#187;15617&#8243; img_size=&#187;full&#187; alignment=&#187;center&#187; img_link_target=&#187;_blank&#187; css_animation=&#187;slideInRight&#187; onclick=&#187;custom_link&#187; link=&#187;https:\/\/lichtfeld.ch\/wordpress\/vr_freland\/vr_freland_15\/&#187; el_class=&#187;vrimg imgsmall&#187;][vc_single_image image=&#187;15618&#8243; img_size=&#187;full&#187; alignment=&#187;center&#187; img_link_target=&#187;_blank&#187; css_animation=&#187;slideInRight&#187; onclick=&#187;custom_link&#187; link=&#187;https:\/\/lichtfeld.ch\/wordpress\/vr_freland\/vr_freland_16\/&#187; el_class=&#187;vrimg&#187;][vc_single_image image=&#187;15619&#8243; img_size=&#187;full&#187; alignment=&#187;center&#187; img_link_target=&#187;_blank&#187; css_animation=&#187;slideInRight&#187; onclick=&#187;custom_link&#187; link=&#187;https:\/\/lichtfeld.ch\/wordpress\/vr_freland\/vr_freland_17\/&#187; el_class=&#187;vrimg&#187;][vc_single_image image=&#187;15620&#8243; img_size=&#187;full&#187; alignment=&#187;center&#187; img_link_target=&#187;_blank&#187; css_animation=&#187;slideInRight&#187; onclick=&#187;custom_link&#187; link=&#187;https:\/\/lichtfeld.ch\/wordpress\/vr_freland\/vr_freland_18\/&#187; el_class=&#187;vrimg&#187;][vc_single_image image=&#187;15621&#8243; img_size=&#187;full&#187; alignment=&#187;center&#187; img_link_target=&#187;_blank&#187; css_animation=&#187;slideInRight&#187; onclick=&#187;custom_link&#187; link=&#187;https:\/\/lichtfeld.ch\/wordpress\/vr_freland\/vr_freland_19\/&#187; el_class=&#187;vrimg&#187;][vc_single_image image=&#187;15622&#8243; img_size=&#187;full&#187; alignment=&#187;center&#187; img_link_target=&#187;_blank&#187; css_animation=&#187;slideInRight&#187; onclick=&#187;custom_link&#187; link=&#187;https:\/\/lichtfeld.ch\/wordpress\/vr_freland\/vr_freland_20\/&#187; el_class=&#187;vrimg&#187;][vc_single_image image=&#187;15623&#8243; img_size=&#187;full&#187; alignment=&#187;center&#187; img_link_target=&#187;_blank&#187; css_animation=&#187;slideInRight&#187; onclick=&#187;custom_link&#187; link=&#187;https:\/\/lichtfeld.ch\/wordpress\/vr_freland\/vr_freland_21\/&#187; el_class=&#187;vrimg&#187;][vc_single_image image=&#187;15624&#8243; img_size=&#187;full&#187; alignment=&#187;center&#187; img_link_target=&#187;_blank&#187; css_animation=&#187;slideInRight&#187; onclick=&#187;custom_link&#187; link=&#187;https:\/\/lichtfeld.ch\/wordpress\/vr_freland\/vr_freland_22\/&#187; el_class=&#187;vrimg&#187;][vc_single_image image=&#187;15625&#8243; img_size=&#187;full&#187; alignment=&#187;center&#187; img_link_target=&#187;_blank&#187; css_animation=&#187;slideInRight&#187; onclick=&#187;custom_link&#187; link=&#187;https:\/\/lichtfeld.ch\/wordpress\/vr_freland\/vr_freland_23\/&#187; el_class=&#187;vrimg imgsmall&#187;][vc_row_inner][vc_column_inner width=&#187;1\/3&#8243;][\/vc_column_inner][vc_column_inner width=&#187;1\/3&#8243;]<div class=\"dfd-item-wrap\"><div class=\"cover\"><div class=\"dfd-spacer-module\"  data-units=\"px\" data-wide_resolution=\"1280\" data-wide_size=\"90\" data-normal_resolution=\"1024\" data-normal_size=\"70\" data-tablet_resolution=\"800\" data-tablet_size=\"60\" data-mobile_resolution=\"480\" data-mobile_size=\"50\" style=\"height: 90px;\"><\/div><\/div><\/div>[vc_raw_html]JTNDYSUyMGhyZWYlM0QlMjJodHRwcyUzQSUyRiUyRmxpY2h0ZmVsZC5jaCUyRndvcmRwcmVzcyUyRnZyX2ZyZWxhbmQlMkZ2cl9mcmVsYW5kXzI0JTJGJTIyJTIwdGFyZ2V0JTNEJTIyX2JsYW5rJTIyJTNFJTBBJTNDdmlkZW8lMjB3aWR0aCUzRCUyMjg1JTI1JTIyJTIwaGVpZ2h0JTNEJTIyYXV0byUyMiUyMHBsYXlzaW5saW5lJTIwYXV0b3BsYXklMjBtdXRlZCUyMGxvb3AlM0UlMEElMjAlM0Nzb3VyY2UlMjBzcmMlM0QlMjJodHRwcyUzQSUyRiUyRmxpY2h0ZmVsZC5jaCUyRndvcmRwcmVzcyUyRndwLWNvbnRlbnQlMkZ1cGxvYWRzJTJGMjAyMCUyRjA0JTJGY2hpbGR3aXRoZG92ZTIubXA0JTIyJTIwdHlwZSUzRCUyMnZpZGVvJTJGbXA0JTIyJTNFJTBBJTNDJTJGdmlkZW8lM0UlMEElM0MlMkZhJTNF[\/vc_raw_html][\/vc_column_inner][vc_column_inner width=&#187;1\/3&#8243;][\/vc_column_inner][\/vc_row_inner][vc_row_inner][vc_column_inner width=&#187;1\/3&#8243;][\/vc_column_inner][vc_column_inner width=&#187;1\/3&#8243;]<div class=\"dfd-item-wrap\"><div class=\"cover\"><div class=\"dfd-spacer-module\"  data-units=\"px\" data-wide_resolution=\"1280\" data-wide_size=\"90\" data-normal_resolution=\"1024\" data-normal_size=\"70\" data-tablet_resolution=\"800\" data-tablet_size=\"60\" data-mobile_resolution=\"480\" data-mobile_size=\"50\" style=\"height: 90px;\"><\/div><\/div><\/div>[vc_raw_html]JTNDYSUyMGhyZWYlM0QlMjJodHRwcyUzQSUyRiUyRmxpY2h0ZmVsZC5jaCUyRndvcmRwcmVzcyUyRnZyX2ZyZWxhbmQlMkZ2cl9mcmVsYW5kXzI1JTJGJTIyJTIwdGFyZ2V0JTNEJTIyX2JsYW5rJTIyJTNFJTBBJTNDdmlkZW8lMjB3aWR0aCUzRCUyMjg1JTI1JTIyJTIwaGVpZ2h0JTNEJTIyYXV0byUyMiUyMHBsYXlzaW5saW5lJTIwYXV0b3BsYXklMjBtdXRlZCUyMGxvb3AlM0UlMEElMjAlM0Nzb3VyY2UlMjBzcmMlM0QlMjJodHRwcyUzQSUyRiUyRmxpY2h0ZmVsZC5jaCUyRndvcmRwcmVzcyUyRndwLWNvbnRlbnQlMkZ1cGxvYWRzJTJGMjAyMCUyRjA0JTJGTUFSQ0tfV2Fzc2VyZmFsbC5tcDQlMjIlMjB0eXBlJTNEJTIydmlkZW8lMkZtcDQlMjIlM0UlMEElM0MlMkZ2aWRlbyUzRSUwQSUzQyUyRmElM0U=[\/vc_raw_html][\/vc_column_inner][vc_column_inner width=&#187;1\/3&#8243;][\/vc_column_inner][\/vc_row_inner][vc_row_inner][vc_column_inner width=&#187;1\/3&#8243;][\/vc_column_inner][vc_column_inner width=&#187;1\/3&#8243;]<div class=\"dfd-item-wrap\"><div class=\"cover\"><div class=\"dfd-spacer-module\"  data-units=\"px\" data-wide_resolution=\"1280\" data-wide_size=\"90\" data-normal_resolution=\"1024\" data-normal_size=\"70\" data-tablet_resolution=\"800\" data-tablet_size=\"60\" data-mobile_resolution=\"480\" data-mobile_size=\"50\" style=\"height: 90px;\"><\/div><\/div><\/div>[vc_raw_html]JTNDYSUyMGhyZWYlM0QlMjJodHRwcyUzQSUyRiUyRmxpY2h0ZmVsZC5jaCUyRndvcmRwcmVzcyUyRnZyX2ZyZWxhbmQlMkZ2cl9mcmVsYW5kXzI2JTJGJTIyJTIwdGFyZ2V0JTNEJTIyX2JsYW5rJTIyJTNFJTBBJTNDdmlkZW8lMjB3aWR0aCUzRCUyMjg1JTI1JTIyJTIwaGVpZ2h0JTNEJTIyYXV0byUyMiUyMHBsYXlzaW5saW5lJTIwYXV0b3BsYXklMjBtdXRlZCUyMGxvb3AlM0UlMEElMjAlM0Nzb3VyY2UlMjBzcmMlM0QlMjJodHRwcyUzQSUyRiUyRmxpY2h0ZmVsZC5jaCUyRndvcmRwcmVzcyUyRndwLWNvbnRlbnQlMkZ1cGxvYWRzJTJGMjAyMCUyRjA0JTJGRG9ybmVuLm1wNCUyMiUyMHR5cGUlM0QlMjJ2aWRlbyUyRm1wNCUyMiUzRSUwQSUzQyUyRnZpZGVvJTNFJTBBJTNDJTJGYSUzRQ==[\/vc_raw_html][\/vc_column_inner][vc_column_inner width=&#187;1\/3&#8243;][\/vc_column_inner][\/vc_row_inner][vc_row_inner][vc_column_inner width=&#187;1\/6&#8243;][\/vc_column_inner][vc_column_inner width=&#187;2\/6&#8243;]<div class=\"dfd-item-wrap\"><div class=\"cover\"><div class=\"dfd-spacer-module\"  data-units=\"px\" data-wide_resolution=\"1280\" data-wide_size=\"240\" data-normal_resolution=\"1024\" data-normal_size=\"100\" data-tablet_resolution=\"800\" data-tablet_size=\"60\" data-mobile_resolution=\"480\" data-mobile_size=\"20\" style=\"height: 240px;\"><\/div><\/div><\/div>[vc_column_text]\n<h3><a href=\"https:\/\/lichtfeld.ch\/wordpress\/vr_freland\/\">Start over<\/a><\/h3>\n[\/vc_column_text]<div class=\"dfd-item-wrap\"><div class=\"cover\"><div class=\"dfd-spacer-module\"  data-units=\"px\" data-wide_resolution=\"1280\" data-wide_size=\"60\" data-normal_resolution=\"1024\" data-normal_size=\"40\" data-tablet_resolution=\"800\" data-tablet_size=\"20\" data-mobile_resolution=\"480\" data-mobile_size=\"20\" style=\"height: 60px;\"><\/div><\/div><\/div>[\/vc_column_inner][vc_column_inner width=&#187;2\/6&#8243;]<div class=\"dfd-item-wrap\"><div class=\"cover\"><div class=\"dfd-spacer-module\"  data-units=\"px\" data-wide_resolution=\"1280\" data-wide_size=\"120\" data-normal_resolution=\"1024\" data-normal_size=\"100\" data-tablet_resolution=\"800\" data-tablet_size=\"60\" data-mobile_resolution=\"480\" data-mobile_size=\"60\" style=\"height: 120px;\"><\/div><\/div><\/div>[\/vc_column_inner][vc_column_inner width=&#187;1\/6&#8243;][\/vc_column_inner][\/vc_row_inner]<\/div><a href=\"#\" class=\"dfd-slider-control prev\" title=\"Previous slide\"><i class=\"dfd-added-font-icon-left-open2\"><\/i><\/a><a href=\"#\" class=\"dfd-slider-control next\" title=\"Next slide\"><i class=\"dfd-added-font-icon-right-open2\"><\/i><\/a><\/div>\t\t\t\t<script type=\"text\/javascript\">\r\n\t\t\t\t\t(function($) {\r\n\t\t\t\t\t\t\"use strict\";\r\n\t\t\t\t\t\tvar $carousel = $('#dfd-carousel-69e4f448c93a2').find('.dfd-carousel');\r\n\t\t\t\t\t\t$(document).ready(function() {\r\n\t\t\t\t\t\t\tvar $initialized = ($('body').hasClass('page-template-tmp-side-by-side')) ? $carousel.not('.slick-initialized') : $carousel;\r\n\t\t\t\t\t\t\t\t\t\t\t\t\t\t$carousel.siblings('.dfd-slider-control.prev').click(function(e) {\r\n\t\t\t\t\t\t\t\te.preventDefault();\r\n\t\t\t\t\t\t\t\t$carousel.eq(0).slick('slickPrev');\r\n\t\t\t\t\t\t\t});\r\n\t\t\t\t\t\t\t$carousel.siblings('.dfd-slider-control.next').click(function(e) {\r\n\t\t\t\t\t\t\t\te.preventDefault();\r\n\t\t\t\t\t\t\t\t$carousel.eq(0).slick('slickNext');\r\n\t\t\t\t\t\t\t});\r\n\t\t\t\t\t\t\t$initialized.slick({arrows: false,dotsClass: 'dfd-slick-dots',slidesToScroll: 1,dots: false,infinite: false,centerMode: true,slidesToShow: 1,speed: 600,swipe: true,draggable: true,responsive: [\r\n\t\t\t\t\t\t\t{\r\n\t\t\t\t\t\t\t\tbreakpoint: 1024,\r\n\t\t\t\t\t\t\t\tsettings: {\r\n\t\t\t\t\t\t\t\t\tslidesToShow: 1,\r\n\t\t\t\t\t\t\t\t\tslidesToScroll: 1,\r\n\t\t\t\t\t\t\t\t}\r\n\t\t\t\t\t\t\t},\r\n\t\t\t\t\t\t\t{\r\n\t\t\t\t\t\t\t\tbreakpoint: 800,\r\n\t\t\t\t\t\t\t\tsettings: {\r\n\t\t\t\t\t\t\t\t\tslidesToShow: 1,\r\n\t\t\t\t\t\t\t\t\tslidesToScroll: 1,\r\n\t\t\t\t\t\t\t\t}\r\n\t\t\t\t\t\t\t},\r\n\t\t\t\t\t\t\t{\r\n\t\t\t\t\t\t\t\tbreakpoint: 560,\r\n\t\t\t\t\t\t\t\tsettings: {\r\n\t\t\t\t\t\t\t\t\tslidesToShow: 1,\r\n\t\t\t\t\t\t\t\t\tslidesToScroll: 1,\r\n\t\t\t\t\t\t\t\t}\r\n\t\t\t\t\t\t\t},]});\r\n\t\t\t\t\t\t\t$(\"head\").append(\"<style>#dfd-carousel-69e4f448c93a2 > .dfd-carousel-module-wrapper > .dfd-carousel > .slick-list > .slick-track > .dfd-item-wrap > .cover {padding: 27.5px;}#dfd-carousel-69e4f448c93a2 {margin: -27.5px;}#dfd-carousel-69e4f448c93a2 .dfd-arrows-enabled .dfd-slider-control {margin-top: 5px;}#dfd-carousel-69e4f448c93a2 .dfd-slider-control i, #dfd-carousel-69e4f448c93a2 .dfd-slider-control .count, #dfd-carousel-69e4f448c93a2 .dfd-arrows-style_1 .dfd-slider-control:after {color: #d05b9d;}#dfd-carousel-69e4f448c93a2 .dfd-arrows-style_1 .dfd-slider-control:after, #dfd-carousel-69e4f448c93a2 .dfd-arrows-style_5 .dfd-slider-control:after {background: #d05b9d;}<\/style>\")\t\t\t\t\t\t});\r\n\t\t\t\t\t})(jQuery);\r\n\t\t\t\t<\/script>\r\n            <\/div>[\/vc_column][\/vc_row][vc_row full_height=&#187;yes&#187; dfd_row_config=&#187;default_row_no_paddings&#187; dfd_row_responsive_enable=&#187;dfd-row-responsive-enable&#187; disable_element=&#187;yes&#187; bg_type=&#187;image&#187; bg_image_new=&#187;15506&#8243; bg_image_repeat=&#187;no-repeat&#187; bg_image_posiiton=&#187;50% 50%&#187; bg_override=&#187;ex-full&#187; css=&#187;.vc_custom_1587476737243{background-position: center !important;background-repeat: no-repeat !important;background-size: cover !important;}&#187;][vc_column width=&#187;1\/6&#8243;][\/vc_column][vc_column width=&#187;2\/3&#8243;][vc_images_carousel images=&#187;15553,15459,15397,15401,15400,15399,15398&#8243; img_size=&#187;full&#187; onclick=&#187;custom_link&#187; custom_links_target=&#187;_blank&#187; hide_pagination_control=&#187;yes&#187; wrap=&#187;yes&#187; css_animation=&#187;slideInRight&#187; custom_links=&#187;#E-8_aHR0cHMlM0ElMkYlMkZsaWNodGZlbGQuY2glMkZ3b3JkcHJlc3MlMkZ2cl9mcmVlbGFuZCUyRnZyX2ZyZWVsYW5kXzAxJTJGJTJDaHR0cHMlM0ElMkYlMkZsaWNodGZlbGQuY2glMkZ3b3JkcHJlc3MlMkZ2cl9mcmVlbGFuZCUyRnZyX2ZyZWVsYW5kXzAyJTJGJTJDaHR0cHMlM0ElMkYlMkZsaWNodGZlbGQuY2glMkZ3b3JkcHJlc3MlMkZ2cl9mcmVlbGFuZCUyRnZyX2ZyZWVsYW5kXzAzJTJGJTJDaHR0cHMlM0ElMkYlMkZsaWNodGZlbGQuY2glMkZ3b3JkcHJlc3MlMkZ2cl9mcmVlbGFuZCUyRnZyX2ZyZWVsYW5kXzA0JTJGJTJDaHR0cHMlM0ElMkYlMkZsaWNodGZlbGQuY2glMkZ3b3JkcHJlc3MlMkZ2cl9mcmVlbGFuZCUyRnZyX2ZyZWVsYW5kXzA1JTJGJTJDaHR0cHMlM0ElMkYlMkZsaWNodGZlbGQuY2glMkZ3b3JkcHJlc3MlMkZ2cl9mcmVlbGFuZCUyRnZyX2ZyZWVsYW5kXzA2JTJGJTJDaHR0cHMlM0ElMkYlMkZsaWNodGZlbGQuY2glMkZ3b3JkcHJlc3MlMkZ2cl9mcmVlbGFuZCUyRnZyX2ZyZWVsYW5kXzA3JTJG&#187; el_class=&#187;vrimg&#187;][\/vc_column][vc_column width=&#187;1\/6&#8243;][\/vc_column][\/vc_row][vc_row][vc_column][\/vc_column][\/vc_row][vc_row][vc_column][vc_column_text]\n[\/vc_column_text][\/vc_column][\/vc_row]\n<\/div>","protected":false},"excerpt":{"rendered":"<p>[vc_row full_height=&#187;yes&#187; dfd_row_config=&#187;default_row_no_paddings&#187; dfd_row_responsive_enable=&#187;dfd-row-responsive-enable&#187; dfd_enable_overlay=&#187;&#187; bg_type=&#187;image&#187; bg_image_new=&#187;15631&#8243; bg_image_repeat=&#187;no-repeat&#187; bg_img_attach=&#187;fixed&#187; bg_image_posiiton=&#187;50% 50px&#187; bg_override=&#187;ex-full&#187; css=&#187;.vc_custom_1587729613277{background-position: center !important;background-repeat: no-repeat !important;background-size: cover !important;}&#187;][vc_column css=&#187;.vc_custom_1587569841308{padding-top: 60px !important;padding-bottom: 60px !important;}&#187;][\/vc_column][\/vc_row][vc_row full_height=&#187;yes&#187; dfd_row_config=&#187;default_row_no_paddings&#187; dfd_row_responsive_enable=&#187;dfd-row-responsive-enable&#187; disable_element=&#187;yes&#187; bg_type=&#187;image&#187; bg_image_new=&#187;15506&#8243;<\/p>\n","protected":false},"author":1,"featured_media":0,"parent":0,"menu_order":0,"comment_status":"closed","ping_status":"closed","template":"","meta":{"_acf_changed":false,"footnotes":""},"tags":[],"folder":[97],"acf":[],"_links":{"self":[{"href":"https:\/\/lichtfeld.ch\/wordpress\/wp-json\/wp\/v2\/pages\/16086"}],"collection":[{"href":"https:\/\/lichtfeld.ch\/wordpress\/wp-json\/wp\/v2\/pages"}],"about":[{"href":"https:\/\/lichtfeld.ch\/wordpress\/wp-json\/wp\/v2\/types\/page"}],"author":[{"embeddable":true,"href":"https:\/\/lichtfeld.ch\/wordpress\/wp-json\/wp\/v2\/users\/1"}],"replies":[{"embeddable":true,"href":"https:\/\/lichtfeld.ch\/wordpress\/wp-json\/wp\/v2\/comments?post=16086"}],"version-history":[{"count":0,"href":"https:\/\/lichtfeld.ch\/wordpress\/wp-json\/wp\/v2\/pages\/16086\/revisions"}],"wp:attachment":[{"href":"https:\/\/lichtfeld.ch\/wordpress\/wp-json\/wp\/v2\/media?parent=16086"}],"wp:term":[{"taxonomy":"post_tag","embeddable":true,"href":"https:\/\/lichtfeld.ch\/wordpress\/wp-json\/wp\/v2\/tags?post=16086"},{"taxonomy":"folder","embeddable":true,"href":"https:\/\/lichtfeld.ch\/wordpress\/wp-json\/wp\/v2\/folder?post=16086"}],"curies":[{"name":"wp","href":"https:\/\/api.w.org\/{rel}","templated":true}]}}