{"id":15292,"date":"2019-09-05T15:03:55","date_gmt":"2019-09-05T13:03:55","guid":{"rendered":"https:\/\/lichtfeld.ch\/wordpress\/?page_id=15292"},"modified":"2019-12-18T13:39:59","modified_gmt":"2019-12-18T12:39:59","slug":"06clair_obscur","status":"publish","type":"page","link":"https:\/\/lichtfeld.ch\/wordpress\/06clair_obscur\/","title":{"rendered":"#6 Clair-Obscur"},"content":{"rendered":"<div class=\"wpb-content-wrapper\">[vc_row dfd_row_config=&#187;default_row_no_paddings&#187;][vc_column]<div class=\"ult-spacer spacer-6a000fe86c865\" data-id=\"6a000fe86c865\" data-height=\"20\" data-height-mobile=\"5\" data-height-tab=\"5\" data-height-tab-portrait=\"\" data-height-mobile-landscape=\"\" style=\"clear:both;display:block;\"><\/div>[\/vc_column][\/vc_row][vc_row][vc_column width=&#187;1\/3&#8243; column_prebuilt_classes=&#187;dfd-mobile-remove-all-paddings&#187; css=&#187;.vc_custom_1453813001966{padding: 10px !important;}&#187;]<div class=\"ult-spacer spacer-6a000fe86c87c\" data-id=\"6a000fe86c87c\" data-height=\"20\" data-height-mobile=\"20\" data-height-tab=\"20\" data-height-tab-portrait=\"\" data-height-mobile-landscape=\"\" style=\"clear:both;display:block;\"><\/div>[vc_column_text css=&#187;.vc_custom_1567689249725{padding-top: 10px !important;padding-right: 10px !important;padding-bottom: 10px !important;padding-left: 10px !important;}&#187;]\n<h3>Current<\/h3>\n<p>#6 Genevi\u00e8ve Morin \u2013\u00a0Clair-Obscur[\/vc_column_text]<div class=\"ult-spacer spacer-6a000fe86c887\" data-id=\"6a000fe86c887\" data-height=\"20\" data-height-mobile=\"20\" data-height-tab=\"20\" data-height-tab-portrait=\"\" data-height-mobile-landscape=\"\" style=\"clear:both;display:block;\"><\/div>[vc_column_text css=&#187;.vc_custom_1567689754934{padding-top: 10px !important;padding-right: 10px !important;padding-bottom: 10px !important;padding-left: 10px !important;}&#187;]\n<h3>Vernissage<\/h3>\n<p>Do. 5. September 2019,<br \/>\n18\u2009h\u2009\u2013\u200921\u2009h[\/vc_column_text]<div class=\"ult-spacer spacer-6a000fe86c890\" data-id=\"6a000fe86c890\" data-height=\"20\" data-height-mobile=\"20\" data-height-tab=\"20\" data-height-tab-portrait=\"\" data-height-mobile-landscape=\"\" style=\"clear:both;display:block;\"><\/div>[vc_column_text css=&#187;.vc_custom_1567689772866{padding-top: 10px !important;padding-right: 10px !important;padding-bottom: 10px !important;padding-left: 10px !important;}&#187;]\n<h3>Ausstellung<\/h3>\n<p>Fr. 6. September<br \/>\nbis Sa. 2. November 2019[\/vc_column_text]<div class=\"ult-spacer spacer-6a000fe86c898\" data-id=\"6a000fe86c898\" data-height=\"20\" data-height-mobile=\"20\" data-height-tab=\"20\" data-height-tab-portrait=\"\" data-height-mobile-landscape=\"\" style=\"clear:both;display:block;\"><\/div>[vc_column_text css=&#187;.vc_custom_1571128771476{padding-top: 10px !important;padding-right: 10px !important;padding-bottom: 10px !important;padding-left: 10px !important;}&#187;]\n<h3>K\u00fcnstlergespr\u00e4ch<\/h3>\n<p>Fr. 18. Oktober, 19\u2009h<br \/>\nMit Jonas Baumann, Andreas Berde, Samuel Blaser, Alex Bleuler, Genevi\u00e8ve Morin,<br \/>\nThomas Ritz und Uwe Walther.[\/vc_column_text]<div class=\"ult-spacer spacer-6a000fe86c8a0\" data-id=\"6a000fe86c8a0\" data-height=\"20\" data-height-mobile=\"20\" data-height-tab=\"20\" data-height-tab-portrait=\"\" data-height-mobile-landscape=\"\" style=\"clear:both;display:block;\"><\/div>[vc_column_text css=&#187;.vc_custom_1567689782856{padding-top: 10px !important;padding-right: 10px !important;padding-bottom: 10px !important;padding-left: 10px !important;}&#187;]\n<h3>Finissage\/<br \/>\nPerformance<\/h3>\n<p>Sa. 2. November 2019, 18h<br \/>\nEntre deux Improvisation Butho mit Flavia Ghisalberti (Tanz) und Frank Heierli (Musik)[\/vc_column_text]<div class=\"ult-spacer spacer-6a000fe86c8a8\" data-id=\"6a000fe86c8a8\" data-height=\"20\" data-height-mobile=\"20\" data-height-tab=\"20\" data-height-tab-portrait=\"\" data-height-mobile-landscape=\"\" style=\"clear:both;display:block;\"><\/div>[vc_column_text css=&#187;.vc_custom_1557388803827{padding-top: 10px !important;padding-right: 10px !important;padding-bottom: 10px !important;padding-left: 10px !important;}&#187;]\n<div class=\"\">Doppelausstellung mit <a href=\"http:\/\/www.cfk.ch\" target=\"_blank\" rel=\"noopener\">gallery downstairs<\/a><\/div>\n[\/vc_column_text][\/vc_column][vc_column column_bg_check=&#187;column-background-dark&#187; width=&#187;2\/3&#8243; column_prebuilt_classes=&#187;dfd-mobile-remove-all-paddings&#187;]<div class=\"ult-spacer spacer-6a000fe86c8af\" data-id=\"6a000fe86c8af\" data-height=\"20\" data-height-mobile=\"20\" data-height-tab=\"20\" data-height-tab-portrait=\"\" data-height-mobile-landscape=\"\" style=\"clear:both;display:block;\"><\/div>[vc_single_image image=&#187;15295&#8243; img_size=&#187;full&#187; alignment=&#187;center&#187;]<div class=\"ult-spacer spacer-6a000fe86c8b7\" data-id=\"6a000fe86c8b7\" data-height=\"60\" data-height-mobile=\"60\" data-height-tab=\"60\" data-height-tab-portrait=\"\" data-height-mobile-landscape=\"\" style=\"clear:both;display:block;\"><\/div><div class=\"ult-spacer spacer-6a000fe86c8bf\" data-id=\"6a000fe86c8bf\" data-height=\"60\" data-height-mobile=\"60\" data-height-tab=\"60\" data-height-tab-portrait=\"\" data-height-mobile-landscape=\"\" style=\"clear:both;display:block;\"><\/div>[vc_column_text]\n<h3><span style=\"color: #000000;\">GENEVI\u00c8VE MORIN<\/span><br \/>\n<span style=\"color: #999999;\">CLAIR<\/span><span style=\"color: #000000;\">-OBSCUR<\/span><\/h3>\n<p><span style=\"color: #000000;\">Malerei, Zeichnungen und Hinterglas-Malerei<\/span>[\/vc_column_text]<div class=\"ult-spacer spacer-6a000fe86c8c6\" data-id=\"6a000fe86c8c6\" data-height=\"60\" data-height-mobile=\"60\" data-height-tab=\"60\" data-height-tab-portrait=\"\" data-height-mobile-landscape=\"\" style=\"clear:both;display:block;\"><\/div>[vc_column_text]<span style=\"color: #000000;\">Clair Obscur als Titel der Ausstellung weist in seiner Bedeutung auf einen Zwischenzustand hin, wo Licht und Dunkel sich verm\u00e4hlen und wir in das Reich der Schatten und Geister eintreten. Sinnliche Eindr\u00fccke und Erlebtes werden vage wahrgenommen und verschwinden in der D\u00e4mmerung einer anderen Welt. Es ist eine Welt voller Geheimnisse, die beseelt ist von Tieren, Naturgeistern, Feen und Kobolden. Gesichter tauchen maskenhaft auf und verfl\u00fcchtigen sich in die Dunkelheit. Die B\u00e4ume summen ein Lied aus alten Zeiten und Felsen entbl\u00f6ssen ihre innewohnende Gestalt. Traumgleich wandelt es sich im Schattenreich, wo die Wahrnehmung sich in eine andere Dimension erschliesst.<span class=\"Apple-converted-space\">\u00a0<\/span><\/span><\/p>\n<p><span style=\"color: #000000;\">Genevieve Morin nimmt uns mit auf eine Reise in das Reich der Zwischenwelten und innerseelischen Zwischenzust\u00e4nde, wo sie im k\u00fcnstlerischen Prozess die tiefen Schichten ihrer Seele durchdringt und auf ihren grossformatigen Bildern eine gl\u00fchend sinnliche Spur ins Reich des Unbewussten hinterl\u00e4sst.<\/span><\/p>\n<p><span style=\"color: #000000;\">Sie bedient sich der klassischen Disziplin der \u00d6lmalerei, die es ihr erlaubt, in den unterirdischen Schichten Fl\u00fcchtiges und Unfassbares mittels Pinsel und Farbe forschend abzutasten, um es schlussendlich im Lichtglanz seiner ureigenen Gestalt auf die Leinwand zu bannen. Sie sch\u00f6pft aus einem reichen Bilderarchiv, das gen\u00e4hrt wird durch Tr\u00e4ume, Phantasie und konkrete Vorlagen, die aus dem Leben gegriffen sind. Wir erhalten Einblick in eine Welt, die in ihrer figurativ abstrakten Ausformung symbolischen Charakter annimmt und in ihrer Anlage der Ausf\u00fchrung bruchst\u00fcckhaft, angedeutet, unfertig, r\u00e4tselhaft und geheimnisvoll bleibt.<\/span><\/p>\n<p><span style=\"color: #000000;\">Radikales Dr\u00e4ngen, nach unten, nach oben, zur Seite, quer, hinabtauchend, wieder auftauchend \u2026 alles zielt nach Verzweigung, auf Tiefenstruktur hin.<span class=\"Apple-converted-space\">\u00a0<\/span><\/span><\/p>\n<p><span style=\"color: #000000;\">Wir befinden uns in einem verwobenen Netz aus Traum und Wirklichkeit, welches sich dem Missverh\u00e4ltnis von Natur und Mensch entzieht und sich abwendet vom rationalen Geist und seinem beengenden Wirkungskreis des Alltags. Gesetze sind hier ihren Prinzipien enthoben oder sind vollends aufgehoben, wie zum Beispiel im Bild ni ange ni bete das Gesetz der Schwerkraft.<\/span><\/p>\n<p><span style=\"color: #000000;\">Die Gegens\u00e4tzlichkeit von Licht und Dunkel, Idylle und Bedrohung, Ordnung und Chaos, zieht sich durch ihr ganzes Werk, so, als existierte ihr \u00e4usseres und ihr inneres Ich in getrennten Sph\u00e4ren, die st\u00e4ndig aufeinander prallen im gleichzeitigen Versuch, sich die Balance zu halten.<span class=\"Apple-converted-space\">\u00a0<\/span><\/span><\/p>\n<p><span style=\"color: #000000;\">In diesem Spannungsfeld der Gegens\u00e4tze gebiert die K\u00fcnstlerin einen farbgewaltigen Kosmos, in den wir als Betrachter mit offenen Augen eintauchen, um uns im Traum einer erwachten Seele wiederzufinden. Die traumgleichen Landschaften sind beseelt von Tieren Menschen und Chim\u00e4ren, mythologischen Archetypen unserer eigenen Seele. Die Protagonisten sind selten allein. Sie sind in Gesellschaft von Schutzgeistern oder aber auch von bedrohlichen D\u00e4monen, die wie ein unheilvoller Schatten \u00fcber der Sehnsucht nach Liebe und Verbundenheit schweben\u2026<\/span><\/p>\n<p><span style=\"color: #000000;\">\u2026 und dann streckte sie lang ihre leuchtenden Arme wurzelartig aus, erhaschte eine weisse Feder im freien Fall, strich sich damit sanft \u00fcber ihr gelbes Haar und lauschte still in die dunkle Nacht. Und von weit her vernahm sie ein dunkles geheimnisvolles Fl\u00fcstern, das da drang zu Ihr hinab vom roten Monde, und sie wusste, wie damals Rimbaud, dass<\/span><\/p>\n<p><span style=\"color: #000000;\">das Leben anderswo ist\u2026 und die Liebe wohl auch.<\/span><\/p>\n<p><span style=\"color: #000000;\"><em>Flavia Ghisalberti<\/em><\/span><br \/>\n<span style=\"color: #000000;\"><em>August 2019<\/em><\/span><\/p>\n<p>&nbsp;<\/p>\n<p>&nbsp;<\/p>\n<p><span style=\"color: #000000;\"><b>Bild: <\/b>Ni ange ni b\u00eate, 2018\u201319, \u00d6l auf Baumwolle, 160\u2009cm \u00d7 200\u2009cm.<\/span>[\/vc_column_text]<div class=\"ult-spacer spacer-6a000fe86c8cc\" data-id=\"6a000fe86c8cc\" data-height=\"20\" data-height-mobile=\"20\" data-height-tab=\"20\" data-height-tab-portrait=\"\" data-height-mobile-landscape=\"\" style=\"clear:both;display:block;\"><\/div>[\/vc_column][\/vc_row]\n<\/div>","protected":false},"excerpt":{"rendered":"<p>[vc_row dfd_row_config=&#187;default_row_no_paddings&#187;][vc_column][\/vc_column][\/vc_row][vc_row][vc_column width=&#187;1\/3&#8243; column_prebuilt_classes=&#187;dfd-mobile-remove-all-paddings&#187; css=&#187;.vc_custom_1453813001966{padding: 10px !important;}&#187;][vc_column_text css=&#187;.vc_custom_1567689249725{padding-top: 10px !important;padding-right: 10px !important;padding-bottom: 10px !important;padding-left: 10px !important;}&#187;] Current #6 Genevi\u00e8ve Morin \u2013\u00a0Clair-Obscur[\/vc_column_text][vc_column_text css=&#187;.vc_custom_1567689754934{padding-top: 10px !important;padding-right: 10px !important;padding-bottom: 10px !important;padding-left: 10px !important;}&#187;]<\/p>\n","protected":false},"author":1,"featured_media":15295,"parent":0,"menu_order":10,"comment_status":"closed","ping_status":"closed","template":"","meta":{"_acf_changed":false,"footnotes":""},"tags":[76],"folder":[],"acf":[],"_links":{"self":[{"href":"https:\/\/lichtfeld.ch\/wordpress\/wp-json\/wp\/v2\/pages\/15292"}],"collection":[{"href":"https:\/\/lichtfeld.ch\/wordpress\/wp-json\/wp\/v2\/pages"}],"about":[{"href":"https:\/\/lichtfeld.ch\/wordpress\/wp-json\/wp\/v2\/types\/page"}],"author":[{"embeddable":true,"href":"https:\/\/lichtfeld.ch\/wordpress\/wp-json\/wp\/v2\/users\/1"}],"replies":[{"embeddable":true,"href":"https:\/\/lichtfeld.ch\/wordpress\/wp-json\/wp\/v2\/comments?post=15292"}],"version-history":[{"count":0,"href":"https:\/\/lichtfeld.ch\/wordpress\/wp-json\/wp\/v2\/pages\/15292\/revisions"}],"wp:featuredmedia":[{"embeddable":true,"href":"https:\/\/lichtfeld.ch\/wordpress\/wp-json\/wp\/v2\/media\/15295"}],"wp:attachment":[{"href":"https:\/\/lichtfeld.ch\/wordpress\/wp-json\/wp\/v2\/media?parent=15292"}],"wp:term":[{"taxonomy":"post_tag","embeddable":true,"href":"https:\/\/lichtfeld.ch\/wordpress\/wp-json\/wp\/v2\/tags?post=15292"},{"taxonomy":"folder","embeddable":true,"href":"https:\/\/lichtfeld.ch\/wordpress\/wp-json\/wp\/v2\/folder?post=15292"}],"curies":[{"name":"wp","href":"https:\/\/api.w.org\/{rel}","templated":true}]}}