{"id":14866,"date":"2017-07-11T14:48:25","date_gmt":"2017-07-11T12:48:25","guid":{"rendered":"https:\/\/lichtfeld.ch\/wordpress\/?page_id=14866"},"modified":"2017-07-11T14:51:17","modified_gmt":"2017-07-11T12:51:17","slug":"stroemberg_04_2017","status":"publish","type":"page","link":"https:\/\/lichtfeld.ch\/wordpress\/stroemberg_04_2017\/","title":{"rendered":"Stroemberg 4\/2017"},"content":{"rendered":"<div class=\"wpb-content-wrapper\">[vc_row dfd_row_config=&#187;default_row_no_paddings&#187;][vc_column]<div class=\"ult-spacer spacer-6a000fb439dea\" data-id=\"6a000fb439dea\" data-height=\"20\" data-height-mobile=\"5\" data-height-tab=\"5\" data-height-tab-portrait=\"\" data-height-mobile-landscape=\"\" style=\"clear:both;display:block;\"><\/div>[\/vc_column][\/vc_row][vc_row][vc_column width=&#187;1\/3&#8243; column_prebuilt_classes=&#187;dfd-mobile-remove-all-paddings&#187; css=&#187;.vc_custom_1453813001966{padding: 10px !important;}&#187;][vc_column_text css_animation=&#187;appear&#187; css=&#187;.vc_custom_1499777389469{padding-top: 10px !important;padding-right: 10px !important;padding-bottom: 10px !important;padding-left: 10px !important;}&#187;]\n<h4>From STR\u00d6MBERG with L\u00d8VE<\/h4>\n<div class=\"\">\n<p><b>Vernissage:<br \/>\n<\/b>Fr. 21. April 2017, 18h<\/p>\n<p>Karl Str\u00f6mberg ist anwesend.<\/p>\n<p><b>Ausstellung:<\/b><br \/>\nSa. 22. April 13h\u201318h. \/<br \/>\nMo. 24.\u2013<del>Sa. 29. April<\/del> 13h\u201318h<\/p>\n<\/div>\n<p><span style=\"color: #d05b9d;\"><strong>Verl\u00e4ngert bis Sa. 1 Juli 2017<\/strong><\/span><\/p>\n<div class=\"\">\n<p><b>Finissage:<\/b><br \/>\nSa. 1. Juli\u00a015h\u201318h<\/p>\n<\/div>\n<div class=\"\">\n<p>&nbsp;<\/p>\n<p>We are delighted to present this exhibition in collaboration with Str\u00f6mberg Agent, Marie-Claire Meredith, London and Charles Kachelhofer, Basel.<\/p>\n<\/div>\n<div class=\"\"><\/div>\n[\/vc_column_text][vc_column_text css=&#187;.vc_custom_1453974596065{padding-top: 10px !important;padding-right: 10px !important;padding-bottom: 10px !important;padding-left: 10px !important;}&#187;]\n<h5><\/h5>\n<h6><\/h6>\n[\/vc_column_text][\/vc_column][vc_column column_bg_check=&#187;column-background-dark&#187; width=&#187;2\/3&#8243; column_prebuilt_classes=&#187;dfd-mobile-remove-all-paddings&#187;]<div class=\"ult-spacer spacer-6a000fb439e00\" data-id=\"6a000fb439e00\" data-height=\"20\" data-height-mobile=\"20\" data-height-tab=\"20\" data-height-tab-portrait=\"\" data-height-mobile-landscape=\"\" style=\"clear:both;display:block;\"><\/div>[vc_single_image image=&#187;14852&#8243; img_size=&#187;full&#187; add_caption=&#187;yes&#187; alignment=&#187;center&#187; img_link_target=&#187;_blank&#187; onclick=&#187;custom_link&#187; item_animation=&#187;transition.shrinkIn&#187; css=&#187;.vc_custom_1493020846449{padding-right: 10px !important;padding-left: 10px !important;}&#187; link=&#187;https:\/\/lichtfeld.ch\/wordpress\/wp-content\/uploads\/2017\/03\/STROEMBERG_WEB_ext.pdf&#187;]<div class=\"ult-spacer spacer-6a000fb439e09\" data-id=\"6a000fb439e09\" data-height=\"20\" data-height-mobile=\"20\" data-height-tab=\"20\" data-height-tab-portrait=\"\" data-height-mobile-landscape=\"\" style=\"clear:both;display:block;\"><\/div>[\/vc_column][\/vc_row][vc_row dfd_row_config=&#187;default_row_no_paddings&#187;][vc_column]<div class=\"dfd-spacer-module\"  data-units=\"px\" data-wide_resolution=\"1280\" data-wide_size=\"200\" data-normal_resolution=\"1024\" data-normal_size=\"200\" data-tablet_resolution=\"800\" data-tablet_size=\"180\" data-mobile_resolution=\"480\" data-mobile_size=\"160\" style=\"height: 200px;\"><\/div>[\/vc_column][\/vc_row]\n<\/div>","protected":false},"excerpt":{"rendered":"<p>[vc_row dfd_row_config=&#187;default_row_no_paddings&#187;][vc_column][\/vc_column][\/vc_row][vc_row][vc_column width=&#187;1\/3&#8243; column_prebuilt_classes=&#187;dfd-mobile-remove-all-paddings&#187; css=&#187;.vc_custom_1453813001966{padding: 10px !important;}&#187;][vc_column_text css_animation=&#187;appear&#187; css=&#187;.vc_custom_1499777389469{padding-top: 10px !important;padding-right: 10px !important;padding-bottom: 10px !important;padding-left: 10px !important;}&#187;] From STR\u00d6MBERG with L\u00d8VE Vernissage: Fr. 21. April 2017, 18h Karl Str\u00f6mberg ist<\/p>\n","protected":false},"author":1,"featured_media":14828,"parent":0,"menu_order":10,"comment_status":"closed","ping_status":"closed","template":"","meta":{"_acf_changed":false,"footnotes":""},"tags":[76],"folder":[],"acf":[],"_links":{"self":[{"href":"https:\/\/lichtfeld.ch\/wordpress\/wp-json\/wp\/v2\/pages\/14866"}],"collection":[{"href":"https:\/\/lichtfeld.ch\/wordpress\/wp-json\/wp\/v2\/pages"}],"about":[{"href":"https:\/\/lichtfeld.ch\/wordpress\/wp-json\/wp\/v2\/types\/page"}],"author":[{"embeddable":true,"href":"https:\/\/lichtfeld.ch\/wordpress\/wp-json\/wp\/v2\/users\/1"}],"replies":[{"embeddable":true,"href":"https:\/\/lichtfeld.ch\/wordpress\/wp-json\/wp\/v2\/comments?post=14866"}],"version-history":[{"count":0,"href":"https:\/\/lichtfeld.ch\/wordpress\/wp-json\/wp\/v2\/pages\/14866\/revisions"}],"wp:featuredmedia":[{"embeddable":true,"href":"https:\/\/lichtfeld.ch\/wordpress\/wp-json\/wp\/v2\/media\/14828"}],"wp:attachment":[{"href":"https:\/\/lichtfeld.ch\/wordpress\/wp-json\/wp\/v2\/media?parent=14866"}],"wp:term":[{"taxonomy":"post_tag","embeddable":true,"href":"https:\/\/lichtfeld.ch\/wordpress\/wp-json\/wp\/v2\/tags?post=14866"},{"taxonomy":"folder","embeddable":true,"href":"https:\/\/lichtfeld.ch\/wordpress\/wp-json\/wp\/v2\/folder?post=14866"}],"curies":[{"name":"wp","href":"https:\/\/api.w.org\/{rel}","templated":true}]}}