{"id":14493,"date":"2012-10-19T13:25:55","date_gmt":"2012-10-19T11:25:55","guid":{"rendered":"https:\/\/lichtfeld.ch\/wordpress\/?page_id=14493"},"modified":"2016-02-19T13:47:40","modified_gmt":"2016-02-19T12:47:40","slug":"american-artists-of-the-gallery-102012","status":"publish","type":"page","link":"https:\/\/lichtfeld.ch\/wordpress\/american-artists-of-the-gallery-102012\/","title":{"rendered":"AMERICAN ARTISTS OF THE GALLERY 10\/2012"},"content":{"rendered":"<div class=\"wpb-content-wrapper\">[vc_row dfd_row_config=&#187;default_row_no_paddings&#187;][vc_column]<div class=\"ult-spacer spacer-69e4f3ff68b99\" data-id=\"69e4f3ff68b99\" data-height=\"20\" data-height-mobile=\"5\" data-height-tab=\"5\" data-height-tab-portrait=\"\" data-height-mobile-landscape=\"\" style=\"clear:both;display:block;\"><\/div>[\/vc_column][\/vc_row][vc_row row_prebuilt_classes=&#187;dfd-mobile-remove-all-paddings&#187;][vc_column width=&#187;1\/3&#8243; column_prebuilt_classes=&#187;dfd-mobile-remove-all-paddings&#187; css=&#187;.vc_custom_1453813001966{padding: 10px !important;}&#187;][vc_column_text css=&#187;.vc_custom_1455884992507{padding-top: 10px !important;padding-right: 10px !important;padding-bottom: 10px !important;padding-left: 10px !important;}&#187;]\n<h3>AMERICAN ARTISTS OF THE GALLERY<strong><br \/>\n10-2012<\/strong><\/h3>\n<p>&nbsp;<\/p>\n<p><strong>GROUP SHOW.\u00a0<\/strong><\/p>\n<p><strong>VERNISSAGE DI. 9. OKTOBER, 18 UHR<\/strong><br \/>\n<strong>AUSSTELLUNG MI. 10.10 \u2013 FR. 4.1.2013<\/strong><\/p>\n<p><strong>\u00a0<\/strong><\/p>\n<p><strong>HUBERT KRETZSCHMAR (NYC)<\/strong><br \/>\nBekannt f\u00fcr die k\u00fcnstlerische Gestaltung des Covers von Some Girls der Rolling Stones sowie auch Arbeiten f\u00fcr Kraftwerk, Led Zeppelin, Iggy Pop etc.<\/p>\n<p><strong>WAYNE COE (NYC)<\/strong><br \/>\nWayne Coe ist der Erfinder der Sand paintings. Gezeigt werden 2 grossformatige Werke aus dem Jahr 2009, sowie ein Gem\u00e4lde &#171;Weeping Wojnarowicz&#187; mit welchem Coe eine Referenz an den K\u00fcnstler in Sachen Kampf f\u00fcr die Rechte der &#171;gay community&#187; in den USA geschaffen hat.<\/p>\n<p><strong>ERIK SANNER (NYC)<\/strong><br \/>\nist verliebt in die pyramidenf\u00f6rmigen Verkehrsabsperrungen. In der Ausstellung zeigt er Malerei in Kombination mit Videoprojektion. Seine Bilder werden via Projektion &#171;fertig&#187; gemalt.<\/p>\n<p><strong>ANDY MOSES (LA)<\/strong><br \/>\nAndys Vater gilt als Mitbegr\u00fcnder der Kunststr\u00f6mung &#171;California Abstract&#187; zu denen auch Dennis Hopper gez\u00e4hlt wird. Andy Moses arbeitet zuweilen auch mit seinem Vater an gemeinsamen Projekten. Andy Moses zeigt zum ersten mal seine Werke in Basel. Zu sehen ist auch der spannende Dokumentarfilm \u00fcber die California Abstract Bewegung[\/vc_column_text][\/vc_column][vc_column width=&#187;2\/3&#8243; column_bg_check=&#187;column-background-dark&#187; column_prebuilt_classes=&#187;dfd-mobile-remove-all-paddings&#187;]<div class=\"ult-spacer spacer-69e4f3ff68bbd\" data-id=\"69e4f3ff68bbd\" data-height=\"20\" data-height-mobile=\"20\" data-height-tab=\"20\" data-height-tab-portrait=\"\" data-height-mobile-landscape=\"\" style=\"clear:both;display:block;\"><\/div>[vc_single_image image=&#187;14478&#8243; img_size=&#187;full&#187; add_caption=&#187;yes&#187; alignment=&#187;center&#187; css=&#187;.vc_custom_1455884862747{padding-right: 10px !important;padding-left: 10px !important;}&#187;][\/vc_column][\/vc_row]\n<\/div>","protected":false},"excerpt":{"rendered":"<p>[vc_row dfd_row_config=&#187;default_row_no_paddings&#187;][vc_column][\/vc_column][\/vc_row][vc_row row_prebuilt_classes=&#187;dfd-mobile-remove-all-paddings&#187;][vc_column width=&#187;1\/3&#8243; column_prebuilt_classes=&#187;dfd-mobile-remove-all-paddings&#187; css=&#187;.vc_custom_1453813001966{padding: 10px !important;}&#187;][vc_column_text css=&#187;.vc_custom_1455884992507{padding-top: 10px !important;padding-right: 10px !important;padding-bottom: 10px !important;padding-left: 10px !important;}&#187;] AMERICAN ARTISTS OF THE GALLERY 10-2012 &nbsp; GROUP SHOW.\u00a0 VERNISSAGE DI. 9. OKTOBER,<\/p>\n","protected":false},"author":1,"featured_media":14477,"parent":0,"menu_order":201202,"comment_status":"closed","ping_status":"closed","template":"","meta":{"_acf_changed":false,"footnotes":""},"tags":[76],"folder":[],"acf":[],"_links":{"self":[{"href":"https:\/\/lichtfeld.ch\/wordpress\/wp-json\/wp\/v2\/pages\/14493"}],"collection":[{"href":"https:\/\/lichtfeld.ch\/wordpress\/wp-json\/wp\/v2\/pages"}],"about":[{"href":"https:\/\/lichtfeld.ch\/wordpress\/wp-json\/wp\/v2\/types\/page"}],"author":[{"embeddable":true,"href":"https:\/\/lichtfeld.ch\/wordpress\/wp-json\/wp\/v2\/users\/1"}],"replies":[{"embeddable":true,"href":"https:\/\/lichtfeld.ch\/wordpress\/wp-json\/wp\/v2\/comments?post=14493"}],"version-history":[{"count":0,"href":"https:\/\/lichtfeld.ch\/wordpress\/wp-json\/wp\/v2\/pages\/14493\/revisions"}],"wp:featuredmedia":[{"embeddable":true,"href":"https:\/\/lichtfeld.ch\/wordpress\/wp-json\/wp\/v2\/media\/14477"}],"wp:attachment":[{"href":"https:\/\/lichtfeld.ch\/wordpress\/wp-json\/wp\/v2\/media?parent=14493"}],"wp:term":[{"taxonomy":"post_tag","embeddable":true,"href":"https:\/\/lichtfeld.ch\/wordpress\/wp-json\/wp\/v2\/tags?post=14493"},{"taxonomy":"folder","embeddable":true,"href":"https:\/\/lichtfeld.ch\/wordpress\/wp-json\/wp\/v2\/folder?post=14493"}],"curies":[{"name":"wp","href":"https:\/\/api.w.org\/{rel}","templated":true}]}}