{"id":14490,"date":"2012-06-19T13:22:31","date_gmt":"2012-06-19T11:22:31","guid":{"rendered":"https:\/\/lichtfeld.ch\/wordpress\/?page_id=14490"},"modified":"2016-07-13T15:52:54","modified_gmt":"2016-07-13T13:52:54","slug":"max-grueter-62012","status":"publish","type":"page","link":"https:\/\/lichtfeld.ch\/wordpress\/max-grueter-62012\/","title":{"rendered":"MAX GRUETER 6\/2012"},"content":{"rendered":"<div class=\"wpb-content-wrapper\">[vc_row dfd_row_config=&#187;default_row_no_paddings&#187;][vc_column]<div class=\"ult-spacer spacer-69e4e0edd738f\" data-id=\"69e4e0edd738f\" data-height=\"20\" data-height-mobile=\"5\" data-height-tab=\"5\" data-height-tab-portrait=\"\" data-height-mobile-landscape=\"\" style=\"clear:both;display:block;\"><\/div>[\/vc_column][\/vc_row][vc_row row_prebuilt_classes=&#187;dfd-mobile-remove-all-paddings&#187;][vc_column width=&#187;1\/3&#8243; column_prebuilt_classes=&#187;dfd-mobile-remove-all-paddings&#187; css=&#187;.vc_custom_1453813001966{padding: 10px !important;}&#187;][vc_column_text css=&#187;.vc_custom_1455884662443{padding-top: 10px !important;padding-right: 10px !important;padding-bottom: 10px !important;padding-left: 10px !important;}&#187;]\n<h3><strong>Max Gr\u00fcter<br \/>\n6-2012<\/strong><\/h3>\n<p>&nbsp;<\/p>\n<p><strong>SOLO SHOW.<\/strong><\/p>\n<p>VERNISSAGE SA. 2. JUNI 2012, 19.00 UHR<br \/>\nAUSSTELLUNG DI. 5.6.\u2009\u2013\u2009FR. 28.9.2012<\/p>\n<p>OBDACHLOSE ERINNERUNGEN<\/p>\n<p class=\"bodytext\">Der K\u00fcnstler lebt und arbeitet in Z\u00fcrich und bezeichnet sich selber als Cross-Media-K\u00fcnstler. Damit meint er das freie Aussch\u00f6pfen aller Ausdrucksm\u00f6glichkeiten, die ihm zur Verf\u00fcgung stehen, ohne das bewusste Bestreben, eine eigene visuellen Handschrift zu finden. Die Worterfindung FREIDIMENSIONAL, dient ihm dabei seit anfangs der 90 Jahre als geistige Motivation.<\/p>\n[\/vc_column_text][\/vc_column][vc_column width=&#187;2\/3&#8243; column_bg_check=&#187;column-background-dark&#187; column_prebuilt_classes=&#187;dfd-mobile-remove-all-paddings&#187;]<div class=\"ult-spacer spacer-69e4e0edd73a7\" data-id=\"69e4e0edd73a7\" data-height=\"20\" data-height-mobile=\"20\" data-height-tab=\"20\" data-height-tab-portrait=\"\" data-height-mobile-landscape=\"\" style=\"clear:both;display:block;\"><\/div>[vc_single_image image=&#187;14484&#8243; img_size=&#187;full&#187; add_caption=&#187;yes&#187; alignment=&#187;center&#187; css=&#187;.vc_custom_1455884682433{padding-right: 10px !important;padding-left: 10px !important;}&#187;][\/vc_column][\/vc_row]\n<\/div>","protected":false},"excerpt":{"rendered":"<p>[vc_row dfd_row_config=&#187;default_row_no_paddings&#187;][vc_column][\/vc_column][\/vc_row][vc_row row_prebuilt_classes=&#187;dfd-mobile-remove-all-paddings&#187;][vc_column width=&#187;1\/3&#8243; column_prebuilt_classes=&#187;dfd-mobile-remove-all-paddings&#187; css=&#187;.vc_custom_1453813001966{padding: 10px !important;}&#187;][vc_column_text css=&#187;.vc_custom_1455884662443{padding-top: 10px !important;padding-right: 10px !important;padding-bottom: 10px !important;padding-left: 10px !important;}&#187;] Max Gr\u00fcter 6-2012 &nbsp; SOLO SHOW. VERNISSAGE SA. 2. JUNI 2012, 19.00 UHR<\/p>\n","protected":false},"author":1,"featured_media":14483,"parent":0,"menu_order":201206,"comment_status":"closed","ping_status":"closed","template":"","meta":{"_acf_changed":false,"footnotes":""},"tags":[76],"folder":[],"acf":[],"_links":{"self":[{"href":"https:\/\/lichtfeld.ch\/wordpress\/wp-json\/wp\/v2\/pages\/14490"}],"collection":[{"href":"https:\/\/lichtfeld.ch\/wordpress\/wp-json\/wp\/v2\/pages"}],"about":[{"href":"https:\/\/lichtfeld.ch\/wordpress\/wp-json\/wp\/v2\/types\/page"}],"author":[{"embeddable":true,"href":"https:\/\/lichtfeld.ch\/wordpress\/wp-json\/wp\/v2\/users\/1"}],"replies":[{"embeddable":true,"href":"https:\/\/lichtfeld.ch\/wordpress\/wp-json\/wp\/v2\/comments?post=14490"}],"version-history":[{"count":0,"href":"https:\/\/lichtfeld.ch\/wordpress\/wp-json\/wp\/v2\/pages\/14490\/revisions"}],"wp:featuredmedia":[{"embeddable":true,"href":"https:\/\/lichtfeld.ch\/wordpress\/wp-json\/wp\/v2\/media\/14483"}],"wp:attachment":[{"href":"https:\/\/lichtfeld.ch\/wordpress\/wp-json\/wp\/v2\/media?parent=14490"}],"wp:term":[{"taxonomy":"post_tag","embeddable":true,"href":"https:\/\/lichtfeld.ch\/wordpress\/wp-json\/wp\/v2\/tags?post=14490"},{"taxonomy":"folder","embeddable":true,"href":"https:\/\/lichtfeld.ch\/wordpress\/wp-json\/wp\/v2\/folder?post=14490"}],"curies":[{"name":"wp","href":"https:\/\/api.w.org\/{rel}","templated":true}]}}